{"id":6685,"date":"2024-12-06T16:16:42","date_gmt":"2024-12-06T16:16:42","guid":{"rendered":"https:\/\/asafi-ec.com\/?page_id=6685"},"modified":"2024-12-06T16:29:04","modified_gmt":"2024-12-06T16:29:04","slug":"amadou-mahtar-mbow","status":"publish","type":"page","link":"https:\/\/asafi.sn\/?page_id=6685","title":{"rendered":"Amadou Mahtar MBOW"},"content":{"rendered":"<p><strong>Hommage \u00e0 l\u2019ancien Directeur g\u00e9n\u00e9ral de l\u2019UNESCO,<\/strong><\/p>\n<p>Monsieur Amadou Mahtar MBOW<\/p>\n<p>\u00ab L\u2019homme Amadou Mahtar MBOW \u00bb, t\u00e9moignage de sa fille Awa MBOW KANE<\/p>\n<p>Excellence, Monsieur le Pr\u00e9sident de la R\u00e9publique du Ghana,<br \/>Madame la Directrice G\u00e9n\u00e9rale de l\u2019UNESCO,<br \/>Madame la Ministre de la Jeunesse, des Sports et de la Culture du S\u00e9n\u00e9gal repr\u00e9sentant Monsieur le Pr\u00e9sident de la Pr\u00e9sident de la R\u00e9publique du S\u00e9n\u00e9gal,<br \/>Mesdames, Messieurs les Ministres,<br \/>Madame la Pr\u00e9sidente de la Conf\u00e9rence G\u00e9n\u00e9rale<br \/>Madame la Pr\u00e9sidente du Conseil Ex\u00e9cutif<br \/>Monsieur le Pr\u00e9sident du groupe Afrique de l\u2019UNESCO,<br \/>Excellences Mesdames, Messieurs les Ambassadeurs et D\u00e9l\u00e9gu\u00e9s permanents aupr\u00e8s de l\u2019UNESCO,<br \/>Mesdames et Messieurs,<\/p>\n<p>Permettez-moi tout d&rsquo;abord, Madame la Directrice g\u00e9n\u00e9rale et ch\u00e8re Audrey Azoulay, de vous r\u00e9it\u00e9rer, \u00e0 vous-m\u00eame et \u00e0 l&rsquo;ensemble de la communaut\u00e9 de l&rsquo;UNESCO, les remerciements de ma famille, pour les marques de sympathie et de consid\u00e9ration t\u00e9moign\u00e9es du vivant et lors du d\u00e9c\u00e8s de Monsieur Amadou Mahtar MBOW. Vos mots bienveillants ont \u00e9t\u00e9 d&rsquo;un grand r\u00e9confort, et ont \u00e9t\u00e9 suivis avec attention par les hautes autorit\u00e9s de notre pays et par la communaut\u00e9 internationale.<br \/>Par ma voix, la famille d\u2019Amadou Mahtar MBOW exprime sa reconnaissance particuli\u00e8re pour le choix symbolique de la date du 14 novembre 2024, marquant le cinquanti\u00e8me anniversaire de son \u00e9lection \u00e0 la t\u00eate de l&rsquo;UNESCO, pour rendre hommage \u00e0 cette figure embl\u00e9matique qui a marqu\u00e9 de fa\u00e7on ind\u00e9l\u00e9bile l\u2019histoire de l\u2019institution.<\/p>\n<p>Les racines d\u2019un destin exceptionnel<br \/>Amadou Mahtar MBOW a eu une vie riche et belle. Mais elle ne fut jamais un long fleuve tranquille. J\u2019ai choisi de vous en conter une partie personnelle voire intime.<br \/>Le jeune sah\u00e9lien qu\u2019il \u00e9tait, a v\u00e9cu l&rsquo;\u00e2pret\u00e9 d\u2019un environnement aride et souffert de la s\u00e9cheresse des ann\u00e9es 1930. Il a connu la douleur de perdre sa m\u00e8re, d\u00e9c\u00e9d\u00e9e \u00e0 33 ans. Peu apr\u00e8s, l\u2019acc\u00e8s au lyc\u00e9e lui fut refus\u00e9 pour cause de d\u00e9passement d&rsquo;\u00e2ge. Les obstacles \u00e0 sa scolarit\u00e9 se multipli\u00e8rent, durant l\u2019administration coloniale, et il fut renvoy\u00e9 de l\u2019\u00e9cole pour r\u00e9bellion contre le fait du prince. Alors \u00e0 14 ans, il dut prendre le chemin de Dakar pour y suivre une formation puis travailler.<br \/>Pourtant, d\u00e8s sa naissance, son destin portait la marque de l\u2019espoir. Mahtar, l\u2019enfant patiemment esp\u00e9r\u00e9 et ardemment d\u00e9sir\u00e9 par son p\u00e8re qui lui avait donn\u00e9 un pr\u00e9nom signifiant \u00ab le choisi \u00bb, Mahtar, grandit entour\u00e9 de la tendresse de sa m\u00e8re et de ses tantes, les autres \u00e9pouses de son p\u00e8re, qui, par les r\u00e9cits et contes dont elles le ber\u00e7aient lui remplirent la t\u00eate de r\u00e8ves.<br \/>Son \u00e9ducation, ancr\u00e9e dans les traditions africaines, lui a insuffl\u00e9 sagesse, art-de-vivre, et d\u2019autres savoirs pr\u00e9cieux absents des cursus conventionnels. Il a pris part aux travaux agricoles des cultures vivri\u00e8res et de l\u2019arachide, a appris la teinture des tissus. Il est donc all\u00e9 \u00e0 l&rsquo;\u00e9cole de la vie ; il est aussi all\u00e9 \u00e0 celle de l\u2019\u00e9ducation coranique o\u00f9 il a appris le culte de la rigueur et l\u2019entretien de la m\u00e9moire. Engag\u00e9 dans sa communaut\u00e9 il a \u00e9t\u00e9 profond\u00e9ment impr\u00e9gn\u00e9 de ses valeurs de dialogue et de paix. Puisa-t-il dans cette double culture son in\u00e9branlable optimisme ?<br \/>On pourrait le penser !<\/p>\n<p>Un homme de convictions et de passions<br \/>Au sortir de l\u2019adolescence il \u00e9tait donc arm\u00e9 pour faire face \u00e0 toutes les vicissitudes qui seraient celles de sa vie, qu\u2019il s\u2019agisse de celles de la guerre 39-45 dans laquelle il s\u2019engage volontairement, qu\u2019il s\u2019agisse de sa radiation de son poste de professeur parce que, lui reprochait-on, \u00ab il n\u2019avait pas voulu emp\u00eacher la gr\u00e8ve des \u00e9l\u00e8ves\u00bb du lyc\u00e9e o\u00f9 il enseignait, &#8211; qu\u2019il s\u2019agisse des batailles politiques du S\u00e9n\u00e9gal, qu\u2019il s\u2019agisse de celles que vous connaissez bien, qu\u2019il a men\u00e9es \u00e0 l\u2019UNESCO, qu\u2019il s\u2019agisse de celle, \u00e0 l\u2019automne de sa vie, des Assises Nationales du S\u00e9n\u00e9gal, qu\u2019il accepta de pr\u00e9sider, pour ne pas se d\u00e9rober \u00e0 l\u2019appel du peuple, ou qu\u2019il s\u2019agisse enfin, de celle men\u00e9e contre la maladie qui l\u2019emporta.<br \/>Il n\u2019a jamais failli !<br \/>Sa personnalit\u00e9 rayonnante se nourrissait de passions diverses.<br \/>Sa biblioth\u00e8que riche de plus de 12000 ouvrages t\u00e9moignait de son amour de la lecture.<br \/>Dans son jardin il s\u2019adonnait \u00e0 la culture de plantes aromatiques et prenait soin avec amour de la constellation de fleurs qu\u2019il y semait. Il en faisait de beaux bouquets qu\u2019il offrait \u00e0 son \u00e9pouse, et \u00e0 ses amis.<br \/>Mais n\u2019\u00e9tait-ce pas l\u00e0 une r\u00e9miniscence du jardin m\u00e9dicinal de son enfance \u00e0 Louga ?<br \/>La photo \u00e9tait un autre de ses hobbies et il photographiait les fleurs avec art.<\/p>\n<p>Un \u00e9ducateur dans l\u2019\u00e2me<br \/>Professeur jusqu\u2019au bout des ongles, il se plaisait \u00e0 demander \u00e0 tous ceux qu\u2019il rencontrait leur origine et leur racontait l\u2019histoire de leur pays, de leur ville, de leur peuple.<br \/>Dot\u00e9 d\u2019un v\u00e9ritable talent de conteur, soutenu par une m\u00e9moire prodigieuse, il captivait son auditoire par ses r\u00e9cits.<br \/>Il relatait, entre autres, son enfance, l\u2019histoire d\u2019Ha\u00efti, sa vie d\u2019\u00e9tudiant \u00e0 Paris, la cr\u00e9ation de F\u00e9d\u00e9ration des Etudiants d\u2019Afrique Noire en France (FEANF), son r\u00f4le dans la lutte anticoloniale. Son engagement valut au professeur qu\u2019il devint, d\u2019\u00eatre affect\u00e9, par l\u2019administration coloniale, \u00e0 Rosso, en Mauritanie, \u00ab exil \u00bb qui fit le grand bonheur de ses \u00e9l\u00e8ves !<br \/>Nomm\u00e9 Directeur du service de l&rsquo;\u00e9ducation de base pour le S\u00e9n\u00e9gal et la Mauritanie, une structure initi\u00e9e par Jaime Torres Bodet, alors Directeur G\u00e9n\u00e9ral de l&rsquo;UNESCO, il prit l&rsquo;initiative de se rendre au si\u00e8ge parisien de l&rsquo;organisation pour mieux appr\u00e9hender sa mission. Ce fut son premier contact avec l\u2019organisme dont il allait \u00eatre le premier directeur africain, 22 ans plus tard. L\u2019\u00e9ducation de base lui permit de sillonner, d\u2019observer et de conna\u00eetre parfaitement son pays natal, bien avant d\u2019en devenir le ministre de l\u2019\u00e9ducation puis le repr\u00e9sentant aupr\u00e8s de l\u2019UNESCO. <br \/>L\u2019Education de base exigeait souvent de la diplomatie. Lors d\u2019une mission, il s\u2019\u00e9tait vu notifier, par le chef d\u2019un village de Casamance, l\u2019interdiction de projeter un film. Le cin\u00e9ma, c\u2019est tabou, disait-ce dernier. Apr\u00e8s avoir r\u00e9uni son \u00e9quipe, il d\u00e9cida de capter des images des villageois dans leurs activit\u00e9s quotidiennes. Il se rendit le lendemain chez le chef du village pour lui montrer son film, et le chef lui-m\u00eame demanda \u00e0 \u00eatre enregistr\u00e9. Les projections du documentaire sur le village et du film de Charlie Chaplin eurent un tel succ\u00e8s que les habitants en redemand\u00e8rent tous les soirs.<br \/>Amadou Mahtar Mbow avait l\u2019art de surmonter les obstacles en douceur !<br \/>Il racontait ses ann\u00e9es de jeune adolescent, \u00e9claireur dans le mouvement scout la\u00efc o\u00f9 on le surnomma \u00ab \u00e9cureuil actif \u00bb, le bien-nomm\u00e9 dirais-je !<br \/>Amadou Mahtar Mbow est rest\u00e9 tr\u00e8s actif jusqu\u2019\u00e0 un \u00e2ge tr\u00e8s avanc\u00e9. Il se rendait \u00e0 des r\u00e9unions, travaillait beaucoup et en homme moderne qu\u2019il continuait d\u2019\u00eatre, envoyait des mails et des messages par whatsApp, jusqu\u2019au moment o\u00f9, \u00e0 98 ans, une malencontreuse chute vint lui \u00f4ter sa pleine mobilit\u00e9. Il garda tous ses esprits jusqu\u2019\u00e0 ses derniers instants.<\/p>\n<p>Un homme de c\u0153ur<br \/>Il recevait tout le monde, aidait les d\u00e9munis, les prenait avec lui dans son v\u00e9hicule, apportait soutien et r\u00e9confort \u00e0 ses proches et \u00e0 tous ceux qui venaient \u00e0 lui. Il \u00e9tait consid\u00e9r\u00e9 comme un p\u00e8re ou un grand-p\u00e8re par des milliers de personnes.<br \/>Je n\u2019ai jamais, au grand jamais, vu mon p\u00e8re en col\u00e8re. Contrari\u00e9, oui, mais m\u00eame alors, sa l\u00e9gendaire courtoisie ne le quittait jamais.<br \/>Les expressions \u00ab je suis occup\u00e9 \u00bb, \u00ab je n\u2019ai pas le temps \u00bb, \u00ab nous verrons cela plus tard \u00bb ne faisaient pas partie de son vocabulaire. Il avait un attachement profond pour sa famille. P\u00e8re attentionn\u00e9, malgr\u00e9 ses \u00e9crasantes responsabilit\u00e9s \u00e0 la t\u00eate de l\u2019UNESCO, il trouvait toujours le temps de rendre visite \u00e0 ses enfants et petits-enfants chaque semaine. <br \/>Ses petits-enfants soulignent \u00ab sa volont\u00e9 constante de leur transmettre le courage de travailler dur pour faire briller notre continent et pouvoir aider nos communaut\u00e9s \u00bb. \u00ab Sa confiance d\u00e9bordante a \u00e9t\u00e9 pour moi un grand moteur de ma vie. Il m\u2019a pouss\u00e9e \u00e0 r\u00eaver, \u00e0 avoir de grandes ambitions \u00bb dira l\u2019une d\u2019elles.<br \/>Epris d\u2019un amour tendre pour son \u00e9pouse, il chantait sur l\u2019air de la Paimpolaise, \u00ab j\u2019aime les Cayes et sa belle ha\u00eftienne \u00bb en prenant la main de sa Raymonde, sa compagne pendant 73 ans.<br \/>L\u2019amour tenait une telle place dans sa vie qu\u2019en apprenant qu\u2019il \u00e9tait parti au ciel, l\u2019une de ses arri\u00e8re petites filles s\u2019exclama, \u00ab Oh, j\u2019avais encore tellement de bisous \u00e0 lui faire ! <br \/>Un \u00eatre lumineux<br \/>La fresque offerte par l\u2019UNESCO, sise sur la biblioth\u00e8que de l\u2019Universit\u00e9 portant son nom \u00e0 Dakar et qui le repr\u00e9sente entour\u00e9 d\u2019un soleil \u00e9clatant, est \u00e0 son image, celle d\u2019un \u00eatre lumineux.<br \/>Si ses mots se firent rares dans les derniers moments, seul son ultime souffle de vie lui \u00f4ta son merveilleux sourire.<br \/>Amadou Mahtar Mbow aima infiniment les peuples du monde qui le lui rendirent bien.<\/p>\n<p>Palais de l\u2019UNESCO<br \/>Paris le 14 novembre 2024<\/p>\n<p>\u00a0<\/p>\n<p><strong>AMADOU MAHTAR MBOW :<\/strong><br \/><strong>UN HUMANISTE INTRANSIGEANT<\/strong><\/p>\n<p>Amadou-Mahtar MBow, embl\u00e9matique homme de culture s\u00e9n\u00e9galais, n\u00e9 le 20 mars 1921, est d\u00e9c\u00e9d\u00e9 mardi 24 septembre \u00e0 Dakar \u00e0 103 ans. Professeur de g\u00e9ographie, il fut plusieurs fois ministre durant le magist\u00e8re de L\u00e9opold Sedar Senghor avant d\u2019entrer \u00e0 l\u2019UNESCO qu\u2019il dirigea de 1974 \u00e0 1987. Ancien fonctionnaire de l\u2019UNESCO durant une vingtaine d\u2019ann\u00e9es, Diomansi Bombot\u00e9 t\u00e9moigne. <br \/>Ce qui impressionne d\u00e8s qu\u2019on rencontre Ahmadou Mahtar Mbow ou qu\u2019on l\u2019entend parler pour la premi\u00e8re fois, c\u2019est sa voix puissante et rocailleuse, marqu\u00e9e par une duret\u00e9 qui traduit une personnalit\u00e9 ferme et hors du commun. Les souvenirs qu\u2019il laissera \u00e0 ses proches et \u00e0 la post\u00e9rit\u00e9 seront ceux d\u2019un homme au courage exceptionnel, m\u00eame si certains, en d\u00e9saccord avec ses convictions, le jugeront t\u00e9m\u00e9raire.<br \/>Ses convictions profondes, qu\u2019il portait en lui avec une force in\u00e9branlable, incluaient la justice pour tous, l\u2019autod\u00e9termination et l\u2019\u00e9mancipation de l\u2019Afrique, ainsi que la libert\u00e9 et la solidarit\u00e9 entre les hommes et les nations. Ces id\u00e9aux ont \u00e9t\u00e9 fa\u00e7onn\u00e9s tout au long d\u2019un parcours riche, marqu\u00e9 notamment par son engagement, alors \u00e9tudiant \u00e0 la Sorbonne, au sein de la F\u00e9d\u00e9ration des \u00e9tudiants de l\u2019Afrique noire en France (FEANF), qu\u2019il a pr\u00e9sid\u00e9e, et par sa participation \u00e0 la cr\u00e9ation du Parti du Rassemblement Africain (PRA \u2013 S\u00e9n\u00e9gal).<br \/>Je garde un souvenir pr\u00e9cis d\u2019Amadou Mahtar Mbow, de la p\u00e9riode o\u00f9 j\u2019ai eu l\u2019honneur de travailler \u00e0 ses c\u00f4t\u00e9s \u00e0 l\u2019UNESCO, d\u2019abord dans le secteur de la communication, puis \u00e0 l\u2019Office de l\u2019information publique, de 1979 \u00e0 2002. Son caract\u00e8re tremp\u00e9 et sa force exceptionnelle \u00e9taient \u00e9vidents. \u00c0 la t\u00eate de l\u2019UNESCO entre 1974 et 1987, il a servi avec loyaut\u00e9 et d\u00e9termination les grandes causes de l\u2019humanit\u00e9 : les droits de l\u2019homme, l\u2019\u00e9ducation pour tous, la promotion des femmes, la culture au service du d\u00e9veloppement, et la science.<br \/>Mais ce qui marquait le plus chez lui, c\u2019\u00e9tait son attachement presque obsessionnel \u00e0 l\u2019\u00e9mancipation de l\u2019Afrique, qu\u2019il a d\u00e9fendue avec une passion in\u00e9branlable. En voulant prot\u00e9ger les int\u00e9r\u00eats de l\u2019Afrique face \u00e0 un monde international souvent d\u00e9s\u00e9quilibr\u00e9 et injustement favorable aux nations industrialis\u00e9es, il s\u2019est heurt\u00e9 \u00e0 de nombreuses incompr\u00e9hensions, particuli\u00e8rement de la part de puissances \u00e9trang\u00e8res.<\/p>\n<p>Lors des discussions autour des programmes de l\u2019UNESCO, il restait inflexible face \u00e0 toute tentative de compromettre les projets en faveur des pays en d\u00e9veloppement, notamment ceux d\u2019Afrique. Combattif, il \u00e9tait allergique aux compromis qui pouvaient nuire \u00e0 ses principes. Sa radicalit\u00e9 dans la d\u00e9fense de ses id\u00e9es se manifestait m\u00eame face \u00e0 ses proches, qui pouvaient parfois essayer de le faire fl\u00e9chir. Courtois, \u00e9l\u00e9gant et profond\u00e9ment pieux, il pouvait n\u00e9anmoins exploser de col\u00e8re pour d\u00e9jouer des man\u0153uvres visant \u00e0 le faire c\u00e9der.<br \/>Cependant, il n\u2019\u00e9tait pas un intransigeant born\u00e9. Il savait composer lorsque cela servait un objectif plus grand, notamment en \u00e9tant l\u2019artisan du consensus \u00e0 l\u2019UNESCO lors de moments de crise. Le consensus, ce m\u00e9canisme visant \u00e0 concilier des points de vue initialement inconciliables sans provoquer de frustration par un vote, a permis \u00e0 l\u2019Organisation de surmonter des d\u00e9bats tendus, comme ceux sur les \u00ab droits de l\u2019homme et des peuples \u00bb ou sur le Nouvel ordre mondial de l\u2019information et de la communication (NOMIC) dans les ann\u00e9es 80.<br \/>Les p\u00e9rip\u00e9ties regrettables n\u00e9es de malentendus et d\u2019incompr\u00e9hensions lors d\u2019un 3e mandat brigu\u00e9 \u00e0 la t\u00eate de l\u2019UNESCO, ne pourront pas alt\u00e9rer la figure embl\u00e9matique voire messianique d\u2019un g\u00e9ant infatigable, jusqu\u2019\u00e0 son dernier souffle, de l\u2019Afrique qui a, quoi qu\u2019on dise, consacr\u00e9 toutes ses \u00e9nergies pour l\u2019honneur et la dignit\u00e9 de l\u2019Afrique.<br \/>Diomansi BOMBOTE, journaliste malien.<\/p>\n","protected":false},"excerpt":{"rendered":"<p>Hommage \u00e0 l\u2019ancien Directeur g\u00e9n\u00e9ral de l\u2019UNESCO, Monsieur Amadou Mahtar MBOW \u00ab L\u2019homme Amadou Mahtar MBOW \u00bb, t\u00e9moignage de sa fille Awa MBOW KANE Excellence, Monsieur le Pr\u00e9sident de la R\u00e9publique du Ghana,Madame la Directrice G\u00e9n\u00e9rale de l\u2019UNESCO,Madame la Ministre de la Jeunesse, des Sports et de la Culture du S\u00e9n\u00e9gal repr\u00e9sentant Monsieur le Pr\u00e9sident [&hellip;]<\/p>\n","protected":false},"author":1,"featured_media":0,"parent":0,"menu_order":0,"comment_status":"closed","ping_status":"closed","template":"template-home.php","meta":{"footnotes":""},"class_list":["post-6685","page","type-page","status-publish","hentry"],"_links":{"self":[{"href":"https:\/\/asafi.sn\/index.php?rest_route=\/wp\/v2\/pages\/6685","targetHints":{"allow":["GET"]}}],"collection":[{"href":"https:\/\/asafi.sn\/index.php?rest_route=\/wp\/v2\/pages"}],"about":[{"href":"https:\/\/asafi.sn\/index.php?rest_route=\/wp\/v2\/types\/page"}],"author":[{"embeddable":true,"href":"https:\/\/asafi.sn\/index.php?rest_route=\/wp\/v2\/users\/1"}],"replies":[{"embeddable":true,"href":"https:\/\/asafi.sn\/index.php?rest_route=%2Fwp%2Fv2%2Fcomments&post=6685"}],"version-history":[{"count":10,"href":"https:\/\/asafi.sn\/index.php?rest_route=\/wp\/v2\/pages\/6685\/revisions"}],"predecessor-version":[{"id":6695,"href":"https:\/\/asafi.sn\/index.php?rest_route=\/wp\/v2\/pages\/6685\/revisions\/6695"}],"wp:attachment":[{"href":"https:\/\/asafi.sn\/index.php?rest_route=%2Fwp%2Fv2%2Fmedia&parent=6685"}],"curies":[{"name":"wp","href":"https:\/\/api.w.org\/{rel}","templated":true}]}}