{"id":6426,"date":"2024-07-15T16:45:54","date_gmt":"2024-07-15T16:45:54","guid":{"rendered":"https:\/\/asafi-ec.com\/?page_id=6426"},"modified":"2025-08-03T13:43:04","modified_gmt":"2025-08-03T13:43:04","slug":"audiences","status":"publish","type":"page","link":"https:\/\/asafi.sn\/?page_id=6426","title":{"rendered":"Audiences"},"content":{"rendered":"<h2>Audiences<\/h2>\n<p><b>2024<\/b><br \/>&#8211;<a href=\"https:\/\/asafi.sn\/wp-content\/uploads\/2024\/07\/CR-RENCONTRE-AVEC-LA-CR-SNU-AU-SENEGALSP.pdf\"> Audience avec Mme Aminata Ma\u00efga, la Coordonnatrice r\u00e9sidente du Syst\u00e8me des Nations Unies au S\u00e9n\u00e9gal, le jeudi 4 juillet 2024.<\/a><\/p>\n<p>&#8211; Audience avec Mme Karima Ben Soltane, Directrice de l\u2019Institut africain pour le D\u00e9veloppement et la Planification (IDEP), le jeudi 15 f\u00e9vrier 2024.<\/p>\n<p><b>2020 ?<\/b><\/p>\n<p>&#8211; Mme Aminata TOURE, Pr\u00e9sidente du Conseil \u00e9conomique, social et environnemental (CESE), le ** ** 2020 ?<\/p>\n<p><b>2019 ?<\/b><\/p>\n<p>&#8211; Mme *** , Coordonnatrice r\u00e9sidente du Syst\u00e8me des Nations Unies au S\u00e9n\u00e9gal (CRSNUS), le ** 2019 ?<\/p>\n<p><b>2017<\/b><\/p>\n<p>&#8211; M. Mankeur NDIAYE, Ministre des Affaires \u00e9trang\u00e8res et des S\u00e9n\u00e9galais de l\u2019Ext\u00e9rieur (MAESE), le jeudi 4 mai 2017.<\/p>\n","protected":false},"excerpt":{"rendered":"<p>Audiences 2024&#8211; Audience avec Mme Aminata Ma\u00efga, la Coordonnatrice r\u00e9sidente du Syst\u00e8me des Nations Unies au S\u00e9n\u00e9gal, le jeudi 4 juillet 2024. &#8211; Audience avec Mme Karima Ben Soltane, Directrice de l\u2019Institut africain pour le D\u00e9veloppement et la Planification (IDEP), le jeudi 15 f\u00e9vrier 2024. 2020 ? &#8211; Mme Aminata TOURE, Pr\u00e9sidente du Conseil \u00e9conomique, [&hellip;]<\/p>\n","protected":false},"author":1,"featured_media":0,"parent":0,"menu_order":0,"comment_status":"closed","ping_status":"closed","template":"template-home.php","meta":{"footnotes":""},"class_list":["post-6426","page","type-page","status-publish","hentry"],"_links":{"self":[{"href":"https:\/\/asafi.sn\/index.php?rest_route=\/wp\/v2\/pages\/6426","targetHints":{"allow":["GET"]}}],"collection":[{"href":"https:\/\/asafi.sn\/index.php?rest_route=\/wp\/v2\/pages"}],"about":[{"href":"https:\/\/asafi.sn\/index.php?rest_route=\/wp\/v2\/types\/page"}],"author":[{"embeddable":true,"href":"https:\/\/asafi.sn\/index.php?rest_route=\/wp\/v2\/users\/1"}],"replies":[{"embeddable":true,"href":"https:\/\/asafi.sn\/index.php?rest_route=%2Fwp%2Fv2%2Fcomments&post=6426"}],"version-history":[{"count":16,"href":"https:\/\/asafi.sn\/index.php?rest_route=\/wp\/v2\/pages\/6426\/revisions"}],"predecessor-version":[{"id":6832,"href":"https:\/\/asafi.sn\/index.php?rest_route=\/wp\/v2\/pages\/6426\/revisions\/6832"}],"wp:attachment":[{"href":"https:\/\/asafi.sn\/index.php?rest_route=%2Fwp%2Fv2%2Fmedia&parent=6426"}],"curies":[{"name":"wp","href":"https:\/\/api.w.org\/{rel}","templated":true}]}}