{"id":6387,"date":"2024-07-09T14:19:02","date_gmt":"2024-07-09T14:19:02","guid":{"rendered":"https:\/\/asafi-ec.com\/?page_id=6387"},"modified":"2024-12-31T17:50:09","modified_gmt":"2024-12-31T17:50:09","slug":"echo-des-membres","status":"publish","type":"page","link":"https:\/\/asafi.sn\/?page_id=6387","title":{"rendered":"Echo des membres"},"content":{"rendered":"<style>\/*! elementor - v3.19.0 - 26-02-2024 *\/\n.elementor-heading-title{padding:0;margin:0;line-height:1}.elementor-widget-heading .elementor-heading-title[class*=elementor-size-]>a{color:inherit;font-size:inherit;line-height:inherit}.elementor-widget-heading .elementor-heading-title.elementor-size-small{font-size:15px}.elementor-widget-heading .elementor-heading-title.elementor-size-medium{font-size:19px}.elementor-widget-heading .elementor-heading-title.elementor-size-large{font-size:29px}.elementor-widget-heading .elementor-heading-title.elementor-size-xl{font-size:39px}.elementor-widget-heading .elementor-heading-title.elementor-size-xxl{font-size:59px}<\/style>\n<h2>Echo des membres<\/h2>\n<div style=\"width: 640px;\" class=\"wp-video\"><video class=\"wp-video-shortcode\" id=\"video-6387-1\" width=\"640\" height=\"360\" preload=\"metadata\" controls=\"controls\"><source type=\"video\/mp4\" src=\"https:\/\/asafi.sn\/wp-content\/uploads\/2024\/12\/WhatsApp-Video-2024-12-30-at-12.45.42.mp4?_=1\" \/><a href=\"https:\/\/asafi.sn\/wp-content\/uploads\/2024\/12\/WhatsApp-Video-2024-12-30-at-12.45.42.mp4\">https:\/\/asafi.sn\/wp-content\/uploads\/2024\/12\/WhatsApp-Video-2024-12-30-at-12.45.42.mp4<\/a><\/video><\/div>\n<style>\/*! elementor - v3.19.0 - 26-02-2024 *\/\n.elementor-widget-divider{--divider-border-style:none;--divider-border-width:1px;--divider-color:#0c0d0e;--divider-icon-size:20px;--divider-element-spacing:10px;--divider-pattern-height:24px;--divider-pattern-size:20px;--divider-pattern-url:none;--divider-pattern-repeat:repeat-x}.elementor-widget-divider .elementor-divider{display:flex}.elementor-widget-divider .elementor-divider__text{font-size:15px;line-height:1;max-width:95%}.elementor-widget-divider .elementor-divider__element{margin:0 var(--divider-element-spacing);flex-shrink:0}.elementor-widget-divider .elementor-icon{font-size:var(--divider-icon-size)}.elementor-widget-divider .elementor-divider-separator{display:flex;margin:0;direction:ltr}.elementor-widget-divider--view-line_icon .elementor-divider-separator,.elementor-widget-divider--view-line_text .elementor-divider-separator{align-items:center}.elementor-widget-divider--view-line_icon .elementor-divider-separator:after,.elementor-widget-divider--view-line_icon .elementor-divider-separator:before,.elementor-widget-divider--view-line_text .elementor-divider-separator:after,.elementor-widget-divider--view-line_text .elementor-divider-separator:before{display:block;content:\"\";border-block-end:0;flex-grow:1;border-block-start:var(--divider-border-width) var(--divider-border-style) var(--divider-color)}.elementor-widget-divider--element-align-left .elementor-divider .elementor-divider-separator>.elementor-divider__svg:first-of-type{flex-grow:0;flex-shrink:100}.elementor-widget-divider--element-align-left .elementor-divider-separator:before{content:none}.elementor-widget-divider--element-align-left .elementor-divider__element{margin-left:0}.elementor-widget-divider--element-align-right .elementor-divider .elementor-divider-separator>.elementor-divider__svg:last-of-type{flex-grow:0;flex-shrink:100}.elementor-widget-divider--element-align-right .elementor-divider-separator:after{content:none}.elementor-widget-divider--element-align-right .elementor-divider__element{margin-right:0}.elementor-widget-divider--element-align-start .elementor-divider .elementor-divider-separator>.elementor-divider__svg:first-of-type{flex-grow:0;flex-shrink:100}.elementor-widget-divider--element-align-start .elementor-divider-separator:before{content:none}.elementor-widget-divider--element-align-start .elementor-divider__element{margin-inline-start:0}.elementor-widget-divider--element-align-end .elementor-divider .elementor-divider-separator>.elementor-divider__svg:last-of-type{flex-grow:0;flex-shrink:100}.elementor-widget-divider--element-align-end .elementor-divider-separator:after{content:none}.elementor-widget-divider--element-align-end .elementor-divider__element{margin-inline-end:0}.elementor-widget-divider:not(.elementor-widget-divider--view-line_text):not(.elementor-widget-divider--view-line_icon) .elementor-divider-separator{border-block-start:var(--divider-border-width) var(--divider-border-style) var(--divider-color)}.elementor-widget-divider--separator-type-pattern{--divider-border-style:none}.elementor-widget-divider--separator-type-pattern.elementor-widget-divider--view-line .elementor-divider-separator,.elementor-widget-divider--separator-type-pattern:not(.elementor-widget-divider--view-line) .elementor-divider-separator:after,.elementor-widget-divider--separator-type-pattern:not(.elementor-widget-divider--view-line) .elementor-divider-separator:before,.elementor-widget-divider--separator-type-pattern:not([class*=elementor-widget-divider--view]) .elementor-divider-separator{width:100%;min-height:var(--divider-pattern-height);-webkit-mask-size:var(--divider-pattern-size) 100%;mask-size:var(--divider-pattern-size) 100%;-webkit-mask-repeat:var(--divider-pattern-repeat);mask-repeat:var(--divider-pattern-repeat);background-color:var(--divider-color);-webkit-mask-image:var(--divider-pattern-url);mask-image:var(--divider-pattern-url)}.elementor-widget-divider--no-spacing{--divider-pattern-size:auto}.elementor-widget-divider--bg-round{--divider-pattern-repeat:round}.rtl .elementor-widget-divider .elementor-divider__text{direction:rtl}.e-con-inner>.elementor-widget-divider,.e-con>.elementor-widget-divider{width:var(--container-widget-width,100%);--flex-grow:var(--container-widget-flex-grow)}<\/style>\n<p>PROFIL I Dior Fall Sow, l&rsquo;histoire de la premi\u00e8re femme procureure du S\u00e9n\u00e9gal<\/p>\n<p>Dior Fall Sow est l&rsquo;une des figures les plus respect\u00e9es du monde juridique au S\u00e9n\u00e9gal et au-del\u00e0. Premi\u00e8re femme \u00e0 \u00eatre nomm\u00e9e Procureure de la R\u00e9publique au S\u00e9n\u00e9gal, elle a consacr\u00e9 sa vie \u00e0 la justice, aux droits humains et \u00e0 l&rsquo;\u00e9galit\u00e9 des genres. Son parcours, marqu\u00e9 par une s\u00e9rie de r\u00e9alisations remarquables, en fait une pionni\u00e8re et un mod\u00e8le pour les g\u00e9n\u00e9rations \u00e0 venir.<br \/><a href=\"https:\/\/www.facebook.com\/share\/p\/15d8HmXdYL\/\">Lien<\/a><\/p>\n<style>\/*! elementor - v3.19.0 - 26-02-2024 *\/\n.elementor-widget-image{text-align:center}.elementor-widget-image a{display:inline-block}.elementor-widget-image a img[src$=\".svg\"]{width:48px}.elementor-widget-image img{vertical-align:middle;display:inline-block}<\/style>\n<p>\t\t\t\t\t\t\t\t\t\t<img loading=\"lazy\" decoding=\"async\" width=\"750\" height=\"1000\" src=\"https:\/\/asafi.sn\/wp-content\/uploads\/2024\/08\/WhatsApp-Image-2024-08-02-at-22.07.23.jpeg\" alt=\"\" srcset=\"https:\/\/asafi.sn\/wp-content\/uploads\/2024\/08\/WhatsApp-Image-2024-08-02-at-22.07.23.jpeg 750w, https:\/\/asafi.sn\/wp-content\/uploads\/2024\/08\/WhatsApp-Image-2024-08-02-at-22.07.23-225x300.jpeg 225w\" sizes=\"auto, (max-width: 750px) 100vw, 750px\" \/><br \/>\n\t\t<iframe loading=\"lazy\" title=\"Dre. Marema Tour\u00e9 Thiam c\u00e9l\u00e9br\u00e9e par TrustAfrica et ses partenaires parmi les G\u00e9antes du continent\" width=\"1140\" height=\"641\" src=\"https:\/\/www.youtube.com\/embed\/YtCUYyxkgTg?feature=oembed\" frameborder=\"0\" allow=\"accelerometer; autoplay; clipboard-write; encrypted-media; gyroscope; picture-in-picture; web-share\" referrerpolicy=\"strict-origin-when-cross-origin\" allowfullscreen><\/iframe><\/p>\n","protected":false},"excerpt":{"rendered":"<p>Echo des membres https:\/\/asafi.sn\/wp-content\/uploads\/2024\/12\/WhatsApp-Video-2024-12-30-at-12.45.42.mp4 PROFIL I Dior Fall Sow, l&rsquo;histoire de la premi\u00e8re femme procureure du S\u00e9n\u00e9gal Dior Fall Sow est l&rsquo;une des figures les plus respect\u00e9es du monde juridique au S\u00e9n\u00e9gal et au-del\u00e0. Premi\u00e8re femme \u00e0 \u00eatre nomm\u00e9e Procureure de la R\u00e9publique au S\u00e9n\u00e9gal, elle a consacr\u00e9 sa vie \u00e0 la justice, aux droits [&hellip;]<\/p>\n","protected":false},"author":1,"featured_media":0,"parent":0,"menu_order":0,"comment_status":"closed","ping_status":"closed","template":"template-home.php","meta":{"footnotes":""},"class_list":["post-6387","page","type-page","status-publish","hentry"],"_links":{"self":[{"href":"https:\/\/asafi.sn\/index.php?rest_route=\/wp\/v2\/pages\/6387","targetHints":{"allow":["GET"]}}],"collection":[{"href":"https:\/\/asafi.sn\/index.php?rest_route=\/wp\/v2\/pages"}],"about":[{"href":"https:\/\/asafi.sn\/index.php?rest_route=\/wp\/v2\/types\/page"}],"author":[{"embeddable":true,"href":"https:\/\/asafi.sn\/index.php?rest_route=\/wp\/v2\/users\/1"}],"replies":[{"embeddable":true,"href":"https:\/\/asafi.sn\/index.php?rest_route=%2Fwp%2Fv2%2Fcomments&post=6387"}],"version-history":[{"count":19,"href":"https:\/\/asafi.sn\/index.php?rest_route=\/wp\/v2\/pages\/6387\/revisions"}],"predecessor-version":[{"id":6734,"href":"https:\/\/asafi.sn\/index.php?rest_route=\/wp\/v2\/pages\/6387\/revisions\/6734"}],"wp:attachment":[{"href":"https:\/\/asafi.sn\/index.php?rest_route=%2Fwp%2Fv2%2Fmedia&parent=6387"}],"curies":[{"name":"wp","href":"https:\/\/api.w.org\/{rel}","templated":true}]}}