{"id":5980,"date":"2024-05-13T21:22:49","date_gmt":"2024-05-13T21:22:49","guid":{"rendered":"https:\/\/asafi-ec.com\/?page_id=5980"},"modified":"2024-05-13T21:58:19","modified_gmt":"2024-05-13T21:58:19","slug":"espace-membres","status":"publish","type":"page","link":"https:\/\/asafi.sn\/?page_id=5980","title":{"rendered":"Espace Membres"},"content":{"rendered":"<style>\/*! elementor - v3.19.0 - 26-02-2024 *\/\n.elementor-heading-title{padding:0;margin:0;line-height:1}.elementor-widget-heading .elementor-heading-title[class*=elementor-size-]>a{color:inherit;font-size:inherit;line-height:inherit}.elementor-widget-heading .elementor-heading-title.elementor-size-small{font-size:15px}.elementor-widget-heading .elementor-heading-title.elementor-size-medium{font-size:19px}.elementor-widget-heading .elementor-heading-title.elementor-size-large{font-size:29px}.elementor-widget-heading .elementor-heading-title.elementor-size-xl{font-size:39px}.elementor-widget-heading .elementor-heading-title.elementor-size-xxl{font-size:59px}<\/style>\n<h2><a href=\"https:\/\/asafi.sn\/?page_id=5695\">INTRANET<\/a><\/h2>\n<p style=\"text-align: right;\"><a href=\"https:\/\/asafi.sn\/wp-login.php\/\">Connexion<\/a><\/p>\n<p style=\"text-align: center;\"><a href=\"https:\/\/asafi.sn\/?page_id=5765\">R\u00e9initialisation du mot de passe<\/a><\/p>\n<p style=\"text-align: right;\"><a href=\"https:\/\/asafi.sn\/wp-login.php?action=logout\">Deconnexion<\/a><\/p>\n<p style=\"text-align: left;\">Cette section est r\u00e9serv\u00e9e aux membres d&rsquo;ASAFI. Pour y acc\u00e9der, veuillez vous connecter en cliquant sur \u00ab\u00a0connexion\u00a0\u00bb ou demander un acc\u00e8s \u00e0 un membre du Bureau.<\/p>\n","protected":false},"excerpt":{"rendered":"<p>INTRANET Connexion R\u00e9initialisation du mot de passe Deconnexion Cette section est r\u00e9serv\u00e9e aux membres d&rsquo;ASAFI. Pour y acc\u00e9der, veuillez vous connecter en cliquant sur \u00ab\u00a0connexion\u00a0\u00bb ou demander un acc\u00e8s \u00e0 un membre du Bureau.<\/p>\n","protected":false},"author":1,"featured_media":0,"parent":0,"menu_order":0,"comment_status":"closed","ping_status":"closed","template":"template-home.php","meta":{"footnotes":""},"class_list":["post-5980","page","type-page","status-publish","hentry"],"_links":{"self":[{"href":"https:\/\/asafi.sn\/index.php?rest_route=\/wp\/v2\/pages\/5980","targetHints":{"allow":["GET"]}}],"collection":[{"href":"https:\/\/asafi.sn\/index.php?rest_route=\/wp\/v2\/pages"}],"about":[{"href":"https:\/\/asafi.sn\/index.php?rest_route=\/wp\/v2\/types\/page"}],"author":[{"embeddable":true,"href":"https:\/\/asafi.sn\/index.php?rest_route=\/wp\/v2\/users\/1"}],"replies":[{"embeddable":true,"href":"https:\/\/asafi.sn\/index.php?rest_route=%2Fwp%2Fv2%2Fcomments&post=5980"}],"version-history":[{"count":4,"href":"https:\/\/asafi.sn\/index.php?rest_route=\/wp\/v2\/pages\/5980\/revisions"}],"predecessor-version":[{"id":5985,"href":"https:\/\/asafi.sn\/index.php?rest_route=\/wp\/v2\/pages\/5980\/revisions\/5985"}],"wp:attachment":[{"href":"https:\/\/asafi.sn\/index.php?rest_route=%2Fwp%2Fv2%2Fmedia&parent=5980"}],"curies":[{"name":"wp","href":"https:\/\/api.w.org\/{rel}","templated":true}]}}