{"id":5955,"date":"2024-05-13T18:40:01","date_gmt":"2024-05-13T18:40:01","guid":{"rendered":"https:\/\/asafi-ec.com\/?page_id=5955"},"modified":"2024-09-05T09:59:19","modified_gmt":"2024-09-05T09:59:19","slug":"actualites-2","status":"publish","type":"page","link":"https:\/\/asafi.sn\/?page_id=5955","title":{"rendered":"Actualit\u00e9s"},"content":{"rendered":"<style>\/*! elementor - v3.19.0 - 26-02-2024 *\/\n.elementor-heading-title{padding:0;margin:0;line-height:1}.elementor-widget-heading .elementor-heading-title[class*=elementor-size-]>a{color:inherit;font-size:inherit;line-height:inherit}.elementor-widget-heading .elementor-heading-title.elementor-size-small{font-size:15px}.elementor-widget-heading .elementor-heading-title.elementor-size-medium{font-size:19px}.elementor-widget-heading .elementor-heading-title.elementor-size-large{font-size:29px}.elementor-widget-heading .elementor-heading-title.elementor-size-xl{font-size:39px}.elementor-widget-heading .elementor-heading-title.elementor-size-xxl{font-size:59px}<\/style>\n<h2>Actualit\u00e9s<\/h2>\n<style>\/*! elementor - v3.19.0 - 26-02-2024 *\/\n.elementor-widget-divider{--divider-border-style:none;--divider-border-width:1px;--divider-color:#0c0d0e;--divider-icon-size:20px;--divider-element-spacing:10px;--divider-pattern-height:24px;--divider-pattern-size:20px;--divider-pattern-url:none;--divider-pattern-repeat:repeat-x}.elementor-widget-divider .elementor-divider{display:flex}.elementor-widget-divider .elementor-divider__text{font-size:15px;line-height:1;max-width:95%}.elementor-widget-divider .elementor-divider__element{margin:0 var(--divider-element-spacing);flex-shrink:0}.elementor-widget-divider .elementor-icon{font-size:var(--divider-icon-size)}.elementor-widget-divider .elementor-divider-separator{display:flex;margin:0;direction:ltr}.elementor-widget-divider--view-line_icon .elementor-divider-separator,.elementor-widget-divider--view-line_text .elementor-divider-separator{align-items:center}.elementor-widget-divider--view-line_icon .elementor-divider-separator:after,.elementor-widget-divider--view-line_icon .elementor-divider-separator:before,.elementor-widget-divider--view-line_text .elementor-divider-separator:after,.elementor-widget-divider--view-line_text .elementor-divider-separator:before{display:block;content:\"\";border-block-end:0;flex-grow:1;border-block-start:var(--divider-border-width) var(--divider-border-style) var(--divider-color)}.elementor-widget-divider--element-align-left .elementor-divider .elementor-divider-separator>.elementor-divider__svg:first-of-type{flex-grow:0;flex-shrink:100}.elementor-widget-divider--element-align-left .elementor-divider-separator:before{content:none}.elementor-widget-divider--element-align-left .elementor-divider__element{margin-left:0}.elementor-widget-divider--element-align-right .elementor-divider .elementor-divider-separator>.elementor-divider__svg:last-of-type{flex-grow:0;flex-shrink:100}.elementor-widget-divider--element-align-right .elementor-divider-separator:after{content:none}.elementor-widget-divider--element-align-right .elementor-divider__element{margin-right:0}.elementor-widget-divider--element-align-start .elementor-divider .elementor-divider-separator>.elementor-divider__svg:first-of-type{flex-grow:0;flex-shrink:100}.elementor-widget-divider--element-align-start .elementor-divider-separator:before{content:none}.elementor-widget-divider--element-align-start .elementor-divider__element{margin-inline-start:0}.elementor-widget-divider--element-align-end .elementor-divider .elementor-divider-separator>.elementor-divider__svg:last-of-type{flex-grow:0;flex-shrink:100}.elementor-widget-divider--element-align-end .elementor-divider-separator:after{content:none}.elementor-widget-divider--element-align-end .elementor-divider__element{margin-inline-end:0}.elementor-widget-divider:not(.elementor-widget-divider--view-line_text):not(.elementor-widget-divider--view-line_icon) .elementor-divider-separator{border-block-start:var(--divider-border-width) var(--divider-border-style) var(--divider-color)}.elementor-widget-divider--separator-type-pattern{--divider-border-style:none}.elementor-widget-divider--separator-type-pattern.elementor-widget-divider--view-line .elementor-divider-separator,.elementor-widget-divider--separator-type-pattern:not(.elementor-widget-divider--view-line) .elementor-divider-separator:after,.elementor-widget-divider--separator-type-pattern:not(.elementor-widget-divider--view-line) .elementor-divider-separator:before,.elementor-widget-divider--separator-type-pattern:not([class*=elementor-widget-divider--view]) .elementor-divider-separator{width:100%;min-height:var(--divider-pattern-height);-webkit-mask-size:var(--divider-pattern-size) 100%;mask-size:var(--divider-pattern-size) 100%;-webkit-mask-repeat:var(--divider-pattern-repeat);mask-repeat:var(--divider-pattern-repeat);background-color:var(--divider-color);-webkit-mask-image:var(--divider-pattern-url);mask-image:var(--divider-pattern-url)}.elementor-widget-divider--no-spacing{--divider-pattern-size:auto}.elementor-widget-divider--bg-round{--divider-pattern-repeat:round}.rtl .elementor-widget-divider .elementor-divider__text{direction:rtl}.e-con-inner>.elementor-widget-divider,.e-con>.elementor-widget-divider{width:var(--container-widget-width,100%);--flex-grow:var(--container-widget-flex-grow)}<\/style>\n<p>54\u00e8me Session de la FAAFI<\/p>\n<p>L\u2019association s\u0153ur de C\u00f4te d\u2019Ivoire devient membre de la FAAFI<\/p>\n<style>\/*! elementor - v3.19.0 - 26-02-2024 *\/\n.elementor-widget-image{text-align:center}.elementor-widget-image a{display:inline-block}.elementor-widget-image a img[src$=\".svg\"]{width:48px}.elementor-widget-image img{vertical-align:middle;display:inline-block}<\/style>\n<p>\t\t\t\t\t\t\t\t\t\t<img loading=\"lazy\" decoding=\"async\" width=\"1024\" height=\"1024\" src=\"https:\/\/asafi.sn\/wp-content\/uploads\/2024\/07\/54-FAAFI-1024x1024.jpg\" alt=\"\" srcset=\"https:\/\/asafi.sn\/wp-content\/uploads\/2024\/07\/54-FAAFI-1024x1024.jpg 1024w, https:\/\/asafi.sn\/wp-content\/uploads\/2024\/07\/54-FAAFI-300x300.jpg 300w, https:\/\/asafi.sn\/wp-content\/uploads\/2024\/07\/54-FAAFI-150x150.jpg 150w, https:\/\/asafi.sn\/wp-content\/uploads\/2024\/07\/54-FAAFI-768x768.jpg 768w, https:\/\/asafi.sn\/wp-content\/uploads\/2024\/07\/54-FAAFI-1536x1536.jpg 1536w, https:\/\/asafi.sn\/wp-content\/uploads\/2024\/07\/54-FAAFI-450x450.jpg 450w, https:\/\/asafi.sn\/wp-content\/uploads\/2024\/07\/54-FAAFI-106x106.jpg 106w, https:\/\/asafi.sn\/wp-content\/uploads\/2024\/07\/54-FAAFI-560x560.jpg 560w, https:\/\/asafi.sn\/wp-content\/uploads\/2024\/07\/54-FAAFI-70x70.jpg 70w, https:\/\/asafi.sn\/wp-content\/uploads\/2024\/07\/54-FAAFI-800x800.jpg 800w, https:\/\/asafi.sn\/wp-content\/uploads\/2024\/07\/54-FAAFI-100x100.jpg 100w, https:\/\/asafi.sn\/wp-content\/uploads\/2024\/07\/54-FAAFI.jpg 2000w\" sizes=\"auto, (max-width: 1024px) 100vw, 1024px\" \/>\t\t\t\t\t\t\t\t\t\t\t\t\t<\/p>\n<p><a href=\"https:\/\/asafi.sn\/wp-content\/uploads\/2024\/07\/CR-RENCONTRE-AVEC-LA-CR-SNU-AU-SENEGALSP.pdf\">Compte rendu de la rencontre du 4 juillet 2024 avec Mme Ma\u00efga, Coordinatrice r\u00e9sidente du SNU\u00a0<\/a><\/p>\n<p>\u00a0<\/p>\n<p>Assembl\u00e9e g\u00e9n\u00e9rale du 23 mai 2024:\u00a0<a style=\"text-align: var(--text-align); background-color: #ffffff;\" href=\"https:\/\/asafi.sn\/wp-content\/uploads\/2024\/05\/AG-2024-Ordre-du-jour-provisoire.pdf\">Ordre du jour<\/a><\/p>\n","protected":false},"excerpt":{"rendered":"<p>Actualit\u00e9s 54\u00e8me Session de la FAAFI L\u2019association s\u0153ur de C\u00f4te d\u2019Ivoire devient membre de la FAAFI Compte rendu de la rencontre du 4 juillet 2024 avec Mme Ma\u00efga, Coordinatrice r\u00e9sidente du SNU\u00a0 \u00a0 Assembl\u00e9e g\u00e9n\u00e9rale du 23 mai 2024:\u00a0Ordre du jour<\/p>\n","protected":false},"author":1,"featured_media":0,"parent":0,"menu_order":0,"comment_status":"closed","ping_status":"closed","template":"template-home.php","meta":{"footnotes":""},"class_list":["post-5955","page","type-page","status-publish","hentry"],"_links":{"self":[{"href":"https:\/\/asafi.sn\/index.php?rest_route=\/wp\/v2\/pages\/5955","targetHints":{"allow":["GET"]}}],"collection":[{"href":"https:\/\/asafi.sn\/index.php?rest_route=\/wp\/v2\/pages"}],"about":[{"href":"https:\/\/asafi.sn\/index.php?rest_route=\/wp\/v2\/types\/page"}],"author":[{"embeddable":true,"href":"https:\/\/asafi.sn\/index.php?rest_route=\/wp\/v2\/users\/1"}],"replies":[{"embeddable":true,"href":"https:\/\/asafi.sn\/index.php?rest_route=%2Fwp%2Fv2%2Fcomments&post=5955"}],"version-history":[{"count":22,"href":"https:\/\/asafi.sn\/index.php?rest_route=\/wp\/v2\/pages\/5955\/revisions"}],"predecessor-version":[{"id":6632,"href":"https:\/\/asafi.sn\/index.php?rest_route=\/wp\/v2\/pages\/5955\/revisions\/6632"}],"wp:attachment":[{"href":"https:\/\/asafi.sn\/index.php?rest_route=%2Fwp%2Fv2%2Fmedia&parent=5955"}],"curies":[{"name":"wp","href":"https:\/\/api.w.org\/{rel}","templated":true}]}}