{"id":5525,"date":"2024-03-05T18:59:53","date_gmt":"2024-03-05T18:59:53","guid":{"rendered":"https:\/\/asafi-ec.com\/?page_id=5525"},"modified":"2025-08-03T13:34:04","modified_gmt":"2025-08-03T13:34:04","slug":"social","status":"publish","type":"page","link":"https:\/\/asafi.sn\/?page_id=5525","title":{"rendered":"Social"},"content":{"rendered":"<h2>Formation pr\u00e9-retraite<\/h2>\n<p>Formation pr\u00e9-retraite dispens\u00e9e au personnel de l\u2019IDEP par M. Loum, SG aux Affaires ext\u00e9rieures, \u00e0 l\u2019information et \u00e0 la Communication et M. Ndiaye, SG aux affaires sociales, culturelles et juridiques, le 25 novembre 2024. 76 personnes y ont particip\u00e9 dont 5 en pr\u00e9sentiel. La session a dur\u00e9 2 heures, de 11 :00 \u00e0 13\u00a0:00.<\/p>\n<h2>Journ\u00e9e des Nations Unies<\/h2>\n<p>Participation \u00e0 la Journ\u00e9e des Nations Unies le 24 octobre 2024 \u00e0 la Place du Souvenir Africain. ASAFI y \u00e9tait repr\u00e9sent\u00e9 par Mme Thiongane, Vice- pr\u00e9sidente et M. Ndiaye, Secr\u00e9taire g\u00e9n\u00e9ral\u200b<\/p>\n<h2>Condol\u00e9ances \u00e0 l famille du Professeur Amadou Moctar Mbow le samedi 28 septembre 2024.<\/h2>\n<h2>Condol\u00e9ances aux familles des membres disparus<\/h2>\n<p>Pr\u00e9sentation de condol\u00e9ances aux familles des membres disparus<\/p>\n<p>&#8211; Bouna S\u00e9mou DIOUF<br \/>&#8211; El Hadji Salif DIOP<br \/>&#8211; Alioune Mbodj DIONE<\/p>\n<h2>Contributions aux fonds Covid19<\/h2>\n<p>\t\t\t\t\t\t\t\t\t\t\t\t\t\t\t<img loading=\"lazy\" decoding=\"async\" width=\"1024\" height=\"792\" src=\"https:\/\/asafi.sn\/wp-content\/uploads\/2024\/05\/Document-21_1-1024x792.jpg\" alt=\"\" srcset=\"https:\/\/asafi.sn\/wp-content\/uploads\/2024\/05\/Document-21_1-1024x792.jpg 1024w, https:\/\/asafi.sn\/wp-content\/uploads\/2024\/05\/Document-21_1-300x232.jpg 300w, https:\/\/asafi.sn\/wp-content\/uploads\/2024\/05\/Document-21_1-768x594.jpg 768w, https:\/\/asafi.sn\/wp-content\/uploads\/2024\/05\/Document-21_1-1536x1188.jpg 1536w, https:\/\/asafi.sn\/wp-content\/uploads\/2024\/05\/Document-21_1-2048x1583.jpg 2048w, https:\/\/asafi.sn\/wp-content\/uploads\/2024\/05\/Document-21_1-800x618.jpg 800w\" sizes=\"auto, (max-width: 1024px) 100vw, 1024px\" \/>\t\t\t\t\t\t\t\t\t\t\t\t\t\t\t<\/p>\n<p>Le ch\u00e8que N\u00b0 100 93 41 de la Banque agricole, en date du 17 avril 2020 et d\u2019un montant de FCFA sept millions (7.000. 000), a \u00e9t\u00e9 remis au Tr\u00e9sorier G\u00e9n\u00e9ral le 6 mai 2020. Le 7 mai 2020, le document ci-joint qui fait office de re\u00e7u du Tr\u00e9sor, a \u00e9t\u00e9 remis \u00e0 Monsieur Amadou BA, Ministre des Affaires Etrang\u00e8res et des S\u00e9n\u00e9galais de l\u2019Ext\u00e9rieur, en guise de contribution au Fonds COVID-19 de l\u2019Association S\u00e9n\u00e9galaise des Anciens Fonctionnaires Internationaux (ASAFI) et l\u2019Association des Fonctionnaires Internationaux du S\u00e9n\u00e9gal (AFISEN) repr\u00e9sent\u00e9s respectivement par M. Makane FAYE, Pr\u00e9sident de ASAFI\u00a0 et Malick DIALLO, Vice-Pr\u00e9sident de AFISEN.<\/p>\n<h2>Visite de courtoisie aux doyens<\/h2>\n<p>\t\t\t\t\t\t\t\t\t\t\t\t\t\t\t<img loading=\"lazy\" decoding=\"async\" width=\"409\" height=\"153\" src=\"https:\/\/asafi.sn\/wp-content\/uploads\/2024\/03\/courtoisie.jpg\" alt=\"\" srcset=\"https:\/\/asafi.sn\/wp-content\/uploads\/2024\/03\/courtoisie.jpg 409w, https:\/\/asafi.sn\/wp-content\/uploads\/2024\/03\/courtoisie-300x112.jpg 300w\" sizes=\"auto, (max-width: 409px) 100vw, 409px\" \/>\t\t\t\t\t\t\t\t\t\t\t\t\t\t\t<\/p>\n<p>Des visites de courtoisie ont \u00e9t\u00e9 effectu\u00e9es chez les Doyens Alioune Mbodj Dione, et Gora Beye, respectivement Pr\u00e9sident et Tr\u00e9sorier de l\u2019ASAFI de sa cr\u00e9ation en 2006 \u00e0 octobre 2016. Elles ont permis de discuter de toutes les questions touchant la vie des retrait\u00e9s en g\u00e9n\u00e9ral et de l\u2019ASAFI en particulier. Les conversations avec les Doyens ont aussi donn\u00e9 un nouvel \u00e9lan aux membres du Bureau pour continuer \u00e0 soutenir avec altruisme la communaut\u00e9 des retrait\u00e9s onusiens.<\/p>\n","protected":false},"excerpt":{"rendered":"<p>Formation pr\u00e9-retraite Formation pr\u00e9-retraite dispens\u00e9e au personnel de l\u2019IDEP par M. Loum, SG aux Affaires ext\u00e9rieures, \u00e0 l\u2019information et \u00e0 la Communication et M. Ndiaye, SG aux affaires sociales, culturelles et juridiques, le 25 novembre 2024. 76 personnes y ont particip\u00e9 dont 5 en pr\u00e9sentiel. La session a dur\u00e9 2 heures, de 11 :00 \u00e0 [&hellip;]<\/p>\n","protected":false},"author":1,"featured_media":0,"parent":0,"menu_order":0,"comment_status":"closed","ping_status":"closed","template":"template-home.php","meta":{"footnotes":""},"class_list":["post-5525","page","type-page","status-publish","hentry"],"_links":{"self":[{"href":"https:\/\/asafi.sn\/index.php?rest_route=\/wp\/v2\/pages\/5525","targetHints":{"allow":["GET"]}}],"collection":[{"href":"https:\/\/asafi.sn\/index.php?rest_route=\/wp\/v2\/pages"}],"about":[{"href":"https:\/\/asafi.sn\/index.php?rest_route=\/wp\/v2\/types\/page"}],"author":[{"embeddable":true,"href":"https:\/\/asafi.sn\/index.php?rest_route=\/wp\/v2\/users\/1"}],"replies":[{"embeddable":true,"href":"https:\/\/asafi.sn\/index.php?rest_route=%2Fwp%2Fv2%2Fcomments&post=5525"}],"version-history":[{"count":55,"href":"https:\/\/asafi.sn\/index.php?rest_route=\/wp\/v2\/pages\/5525\/revisions"}],"predecessor-version":[{"id":6828,"href":"https:\/\/asafi.sn\/index.php?rest_route=\/wp\/v2\/pages\/5525\/revisions\/6828"}],"wp:attachment":[{"href":"https:\/\/asafi.sn\/index.php?rest_route=%2Fwp%2Fv2%2Fmedia&parent=5525"}],"curies":[{"name":"wp","href":"https:\/\/api.w.org\/{rel}","templated":true}]}}