{"id":5138,"date":"2024-03-03T14:02:47","date_gmt":"2024-03-03T14:02:47","guid":{"rendered":"https:\/\/asafi-ec.com\/?page_id=5138"},"modified":"2024-05-13T16:30:51","modified_gmt":"2024-05-13T16:30:51","slug":"m_dirigeants","status":"publish","type":"page","link":"https:\/\/asafi.sn\/?page_id=5138","title":{"rendered":"mDirigeants"},"content":{"rendered":"<p><!-- image --><br \/>\n\t\t\t\t\t\t\t\t<img loading=\"lazy\" width=\"270\" height=\"300\" src=\"https:\/\/asafi.sn\/wp-content\/uploads\/2024\/02\/Design-sans-titre-1.jpg\" alt=\"\" decoding=\"async\" \/><br \/>\n\t\t\t\t\t\t\t\t\t\t<!-- title --><\/p>\n<h5>Amadou Makhtar MBOW <\/h5>\n<p>\t\t\t\t\t\t\t\t\t\t<!-- subtitle --><br \/>\n\t\t\t\t\t\t\t\t\t\t<!-- content --><\/p>\n<p>Pr\u00e9sident d&rsquo;honneur <\/p>\n<p>\t\t\t\t\t\t\t\t\t\t\t<!-- icon --><br \/>\n\t\t\t\t\t\t\t\t\t\t\t<a href=\"#\"><br \/>\n\t\t\t\t\t\t\t\t\t\t\t<\/a><br \/>\n\t\t\t\t\t\t\t\t<!-- image --><br \/>\n\t\t\t\t\t\t\t\t<img loading=\"lazy\" width=\"270\" height=\"300\" src=\"https:\/\/asafi.sn\/wp-content\/uploads\/2024\/02\/Design-sans-titre-3.jpg\" alt=\"\" decoding=\"async\" \/><br \/>\n\t\t\t\t\t\t\t\t\t\t<!-- title --><\/p>\n<h5>Alioune Mbodj DIONE <\/h5>\n<p>\t\t\t\t\t\t\t\t\t\t<!-- subtitle --><br \/>\n\t\t\t\t\t\t\t\t\t\t<!-- content --><\/p>\n<p>Pr\u00e9sident d&rsquo;honneur <\/p>\n<p>\t\t\t\t\t\t\t\t\t\t\t<!-- icon --><br \/>\n\t\t\t\t\t\t\t\t\t\t\t<a href=\"#\"><br \/>\n\t\t\t\t\t\t\t\t\t\t\t<\/a>\t\t<\/p>\n<style>\/*! elementor - v3.19.0 - 26-02-2024 *\/\n.elementor-widget-divider{--divider-border-style:none;--divider-border-width:1px;--divider-color:#0c0d0e;--divider-icon-size:20px;--divider-element-spacing:10px;--divider-pattern-height:24px;--divider-pattern-size:20px;--divider-pattern-url:none;--divider-pattern-repeat:repeat-x}.elementor-widget-divider .elementor-divider{display:flex}.elementor-widget-divider .elementor-divider__text{font-size:15px;line-height:1;max-width:95%}.elementor-widget-divider .elementor-divider__element{margin:0 var(--divider-element-spacing);flex-shrink:0}.elementor-widget-divider .elementor-icon{font-size:var(--divider-icon-size)}.elementor-widget-divider .elementor-divider-separator{display:flex;margin:0;direction:ltr}.elementor-widget-divider--view-line_icon .elementor-divider-separator,.elementor-widget-divider--view-line_text .elementor-divider-separator{align-items:center}.elementor-widget-divider--view-line_icon .elementor-divider-separator:after,.elementor-widget-divider--view-line_icon .elementor-divider-separator:before,.elementor-widget-divider--view-line_text .elementor-divider-separator:after,.elementor-widget-divider--view-line_text .elementor-divider-separator:before{display:block;content:\"\";border-block-end:0;flex-grow:1;border-block-start:var(--divider-border-width) var(--divider-border-style) var(--divider-color)}.elementor-widget-divider--element-align-left .elementor-divider .elementor-divider-separator>.elementor-divider__svg:first-of-type{flex-grow:0;flex-shrink:100}.elementor-widget-divider--element-align-left .elementor-divider-separator:before{content:none}.elementor-widget-divider--element-align-left .elementor-divider__element{margin-left:0}.elementor-widget-divider--element-align-right .elementor-divider .elementor-divider-separator>.elementor-divider__svg:last-of-type{flex-grow:0;flex-shrink:100}.elementor-widget-divider--element-align-right .elementor-divider-separator:after{content:none}.elementor-widget-divider--element-align-right .elementor-divider__element{margin-right:0}.elementor-widget-divider--element-align-start .elementor-divider .elementor-divider-separator>.elementor-divider__svg:first-of-type{flex-grow:0;flex-shrink:100}.elementor-widget-divider--element-align-start .elementor-divider-separator:before{content:none}.elementor-widget-divider--element-align-start .elementor-divider__element{margin-inline-start:0}.elementor-widget-divider--element-align-end .elementor-divider .elementor-divider-separator>.elementor-divider__svg:last-of-type{flex-grow:0;flex-shrink:100}.elementor-widget-divider--element-align-end .elementor-divider-separator:after{content:none}.elementor-widget-divider--element-align-end .elementor-divider__element{margin-inline-end:0}.elementor-widget-divider:not(.elementor-widget-divider--view-line_text):not(.elementor-widget-divider--view-line_icon) .elementor-divider-separator{border-block-start:var(--divider-border-width) var(--divider-border-style) var(--divider-color)}.elementor-widget-divider--separator-type-pattern{--divider-border-style:none}.elementor-widget-divider--separator-type-pattern.elementor-widget-divider--view-line .elementor-divider-separator,.elementor-widget-divider--separator-type-pattern:not(.elementor-widget-divider--view-line) .elementor-divider-separator:after,.elementor-widget-divider--separator-type-pattern:not(.elementor-widget-divider--view-line) .elementor-divider-separator:before,.elementor-widget-divider--separator-type-pattern:not([class*=elementor-widget-divider--view]) .elementor-divider-separator{width:100%;min-height:var(--divider-pattern-height);-webkit-mask-size:var(--divider-pattern-size) 100%;mask-size:var(--divider-pattern-size) 100%;-webkit-mask-repeat:var(--divider-pattern-repeat);mask-repeat:var(--divider-pattern-repeat);background-color:var(--divider-color);-webkit-mask-image:var(--divider-pattern-url);mask-image:var(--divider-pattern-url)}.elementor-widget-divider--no-spacing{--divider-pattern-size:auto}.elementor-widget-divider--bg-round{--divider-pattern-repeat:round}.rtl .elementor-widget-divider .elementor-divider__text{direction:rtl}.e-con-inner>.elementor-widget-divider,.e-con>.elementor-widget-divider{width:var(--container-widget-width,100%);--flex-grow:var(--container-widget-flex-grow)}<\/style>\n<style>\/*! elementor - v3.19.0 - 26-02-2024 *\/\n.elementor-heading-title{padding:0;margin:0;line-height:1}.elementor-widget-heading .elementor-heading-title[class*=elementor-size-]>a{color:inherit;font-size:inherit;line-height:inherit}.elementor-widget-heading .elementor-heading-title.elementor-size-small{font-size:15px}.elementor-widget-heading .elementor-heading-title.elementor-size-medium{font-size:19px}.elementor-widget-heading .elementor-heading-title.elementor-size-large{font-size:29px}.elementor-widget-heading .elementor-heading-title.elementor-size-xl{font-size:39px}.elementor-widget-heading .elementor-heading-title.elementor-size-xxl{font-size:59px}<\/style>\n<h2>\n<h2 data-elementor-setting-key=\"title\" data-pen-placeholder=\"\u00c9crivez ici...\" style=\"transition-property: all;\">Pr\u00e9sident d&rsquo;honneur \u00e0 titre posthume<\/h2>\n<\/h2>\n<p>\t\t\t\t\t\t\t\t<!-- image --><br \/>\n\t\t\t\t\t\t\t\t<img loading=\"lazy\" width=\"270\" height=\"300\" src=\"https:\/\/asafi.sn\/wp-content\/uploads\/2024\/02\/Design-sans-titre-1-1.jpg\" alt=\"\" decoding=\"async\" \/><br \/>\n\t\t\t\t\t\t\t\t\t\t<!-- title --><\/p>\n<h5>Makane FAYE <\/h5>\n<p>\t\t\t\t\t\t\t\t\t\t<!-- subtitle --><br \/>\n\t\t\t\t\t\t\t\t\t\t<!-- content --><\/p>\n<p>Pr\u00e9sident d&rsquo;honneur <\/p>\n<p>\t\t\t\t\t\t\t\t\t\t\t<!-- icon --><br \/>\n\t\t\t\t\t\t\t\t\t\t\t<a href=\"#\"><br \/>\n\t\t\t\t\t\t\t\t\t\t\t<\/a>\t\t<\/p>\n<h2>Membres d&rsquo;honneur<\/h2>\n<p>\t\t\t\t\t\t\t\t<!-- image --><br \/>\n\t\t\t\t\t\t\t\t<img loading=\"lazy\" width=\"270\" height=\"300\" src=\"https:\/\/asafi.sn\/wp-content\/uploads\/2024\/03\/Design-sans-titre-3-2.jpg\" alt=\"\" decoding=\"async\" \/><br \/>\n\t\t\t\t\t\t\t\t\t\t<!-- title --><\/p>\n<h5>Mamadou TOURE <\/h5>\n<p>\t\t\t\t\t\t\t\t\t\t<!-- subtitle --><br \/>\n\t\t\t\t\t\t\t\t\t\t<!-- content --><\/p>\n<p>Membre d&rsquo;honneur <\/p>\n<p>\t\t\t\t\t\t\t\t\t\t\t<!-- icon --><br \/>\n\t\t\t\t\t\t\t\t\t\t\t<a href=\"#\"><br \/>\n\t\t\t\t\t\t\t\t\t\t\t<\/a><br \/>\n\t\t\t\t\t\t\t\t<!-- image --><br \/>\n\t\t\t\t\t\t\t\t<img loading=\"lazy\" width=\"270\" height=\"300\" src=\"https:\/\/asafi.sn\/wp-content\/uploads\/2024\/03\/Design-sans-titre-11-1.jpg\" alt=\"\" decoding=\"async\" \/><br \/>\n\t\t\t\t\t\t\t\t\t\t<!-- title --><\/p>\n<h5>Louis ALEXANDRENNE <\/h5>\n<p>\t\t\t\t\t\t\t\t\t\t<!-- subtitle --><br \/>\n\t\t\t\t\t\t\t\t\t\t<!-- content --><\/p>\n<p>Membre d&rsquo;honneur <\/p>\n<p>\t\t\t\t\t\t\t\t\t\t\t<!-- icon --><br \/>\n\t\t\t\t\t\t\t\t\t\t\t<a href=\"#\"><br \/>\n\t\t\t\t\t\t\t\t\t\t\t<\/a>\t\t<\/p>\n<h2>Comit\u00e9 Directeur<\/h2>\n<h2>Octobre 2016-2019<\/h2>\n<h2>Octobre 2019-2022<\/h2>\n<p>\t\t\t\t\t\t\t\t<!-- image --><br \/>\n\t\t\t\t\t\t\t\t<img loading=\"lazy\" width=\"270\" height=\"300\" src=\"https:\/\/asafi.sn\/wp-content\/uploads\/2024\/02\/Design-sans-titre-1-1.jpg\" alt=\"\" decoding=\"async\" \/><br \/>\n\t\t\t\t\t\t\t\t\t\t<!-- title --><\/p>\n<h5>Makane FAYE <\/h5>\n<p>\t\t\t\t\t\t\t\t\t\t<!-- subtitle --><br \/>\n\t\t\t\t\t\t\t\t\t\t<!-- content --><\/p>\n<p>Pr\u00e9sident  <\/p>\n<p>\t\t\t\t\t\t\t\t\t\t\t<!-- icon --><br \/>\n\t\t\t\t\t\t\t\t\t\t\t<a href=\"#\"><br \/>\n\t\t\t\t\t\t\t\t\t\t\t<\/a><br \/>\n\t\t\t\t\t\t\t\t<!-- image --><br \/>\n\t\t\t\t\t\t\t\t<img loading=\"lazy\" width=\"270\" height=\"300\" src=\"https:\/\/asafi.sn\/wp-content\/uploads\/2024\/03\/Design-sans-titre-4.jpg\" alt=\"\" decoding=\"async\" \/><br \/>\n\t\t\t\t\t\t\t\t\t\t<!-- title --><\/p>\n<h5>Awa TIONGANE <\/h5>\n<p>\t\t\t\t\t\t\t\t\t\t<!-- subtitle --><br \/>\n\t\t\t\t\t\t\t\t\t\t<!-- content --><\/p>\n<p>Vice &#8211; Pr\u00e9sidente <\/p>\n<p>\t\t\t\t\t\t\t\t\t\t\t<!-- icon --><br \/>\n\t\t\t\t\t\t\t\t\t\t\t<a href=\"#\"><br \/>\n\t\t\t\t\t\t\t\t\t\t\t<\/a><br \/>\n\t\t\t\t\t\t\t\t<!-- image --><br \/>\n\t\t\t\t\t\t\t\t<img loading=\"lazy\" width=\"270\" height=\"300\" src=\"https:\/\/asafi.sn\/wp-content\/uploads\/2024\/03\/Design-sans-titre-7.jpg\" alt=\"\" decoding=\"async\" \/><br \/>\n\t\t\t\t\t\t\t\t\t\t<!-- title --><\/p>\n<h5>Abdoul Khadre DIAKHATE <\/h5>\n<p>\t\t\t\t\t\t\t\t\t\t<!-- subtitle --><br \/>\n\t\t\t\t\t\t\t\t\t\t<!-- content --><\/p>\n<p>Secr\u00e9taire G\u00e9n\u00e9ral <\/p>\n<p>\t\t\t\t\t\t\t\t\t\t\t<!-- icon --><br \/>\n\t\t\t\t\t\t\t\t\t\t\t<a href=\"#\"><br \/>\n\t\t\t\t\t\t\t\t\t\t\t<\/a><br \/>\n\t\t\t\t\t\t\t\t<!-- image --><br \/>\n\t\t\t\t\t\t\t\t<img loading=\"lazy\" width=\"270\" height=\"300\" src=\"https:\/\/asafi.sn\/wp-content\/uploads\/2024\/03\/Design-sans-titre-9.jpg\" alt=\"\" decoding=\"async\" \/><br \/>\n\t\t\t\t\t\t\t\t\t\t<!-- title --><\/p>\n<h5>Adiara BA <\/h5>\n<p>\t\t\t\t\t\t\t\t\t\t<!-- subtitle --><br \/>\n\t\t\t\t\t\t\t\t\t\t<!-- content --><\/p>\n<p>Secr\u00e9taire G\u00e9n\u00e9ral Adjointe <\/p>\n<p>\t\t\t\t\t\t\t\t\t\t\t<!-- icon --><br \/>\n\t\t\t\t\t\t\t\t\t\t\t<a href=\"#\"><br \/>\n\t\t\t\t\t\t\t\t\t\t\t<\/a><br \/>\n\t\t\t\t\t\t\t\t<!-- image --><br \/>\n\t\t\t\t\t\t\t\t<img loading=\"lazy\" width=\"270\" height=\"300\" src=\"https:\/\/asafi.sn\/wp-content\/uploads\/2024\/03\/Design-sans-titre-11.jpg\" alt=\"\" decoding=\"async\" \/><br \/>\n\t\t\t\t\t\t\t\t\t\t<!-- title --><\/p>\n<h5>Aboubacry Demba LOM <\/h5>\n<p>\t\t\t\t\t\t\t\t\t\t<!-- subtitle --><br \/>\n\t\t\t\t\t\t\t\t\t\t<!-- content --><\/p>\n<p>Tr\u00e9sorier G\u00e9n\u00e9ral <\/p>\n<p>\t\t\t\t\t\t\t\t\t\t\t<!-- icon --><br \/>\n\t\t\t\t\t\t\t\t\t\t\t<a href=\"#\"><br \/>\n\t\t\t\t\t\t\t\t\t\t\t<\/a><br \/>\n\t\t\t\t\t\t\t\t<!-- image --><br \/>\n\t\t\t\t\t\t\t\t<img loading=\"lazy\" width=\"270\" height=\"300\" src=\"https:\/\/asafi.sn\/wp-content\/uploads\/2024\/03\/Design-sans-titre-12.jpg\" alt=\"\" decoding=\"async\" \/><br \/>\n\t\t\t\t\t\t\t\t\t\t<!-- title --><\/p>\n<h5>Makhtar FALL <\/h5>\n<p>\t\t\t\t\t\t\t\t\t\t<!-- subtitle --><br \/>\n\t\t\t\t\t\t\t\t\t\t<!-- content --><\/p>\n<p>Tr\u00e9sorier G\u00e9n\u00e9ral Adjoint <\/p>\n<p>\t\t\t\t\t\t\t\t\t\t\t<!-- icon --><br \/>\n\t\t\t\t\t\t\t\t\t\t\t<a href=\"#\"><br \/>\n\t\t\t\t\t\t\t\t\t\t\t<\/a><br \/>\n\t\t\t\t\t\t\t\t<!-- image --><br \/>\n\t\t\t\t\t\t\t\t<img loading=\"lazy\" width=\"225\" height=\"225\" src=\"https:\/\/asafi.sn\/wp-content\/uploads\/2024\/03\/Design-sans-titre-16-1.jpg\" alt=\"\" decoding=\"async\" srcset=\"https:\/\/asafi.sn\/wp-content\/uploads\/2024\/03\/Design-sans-titre-16-1.jpg 225w, https:\/\/asafi.sn\/wp-content\/uploads\/2024\/03\/Design-sans-titre-16-1-150x150.jpg 150w, https:\/\/asafi.sn\/wp-content\/uploads\/2024\/03\/Design-sans-titre-16-1-106x106.jpg 106w, https:\/\/asafi.sn\/wp-content\/uploads\/2024\/03\/Design-sans-titre-16-1-70x70.jpg 70w, https:\/\/asafi.sn\/wp-content\/uploads\/2024\/03\/Design-sans-titre-16-1-100x100.jpg 100w\" sizes=\"auto, (max-width: 225px) 100vw, 225px\" \/><br \/>\n\t\t\t\t\t\t\t\t\t\t<!-- title --><\/p>\n<h5>Mansour SOW <\/h5>\n<p>\t\t\t\t\t\t\t\t\t\t<!-- subtitle --><br \/>\n\t\t\t\t\t\t\t\t\t\t<!-- content --><\/p>\n<p>Secr\u00e9taire G\u00e9n\u00e9ral aux Relations ext\u00e9rieures, \u00e0 l\u2019Information et \u00e0 la Communication <\/p>\n<p>\t\t\t\t\t\t\t\t\t\t\t<!-- icon --><br \/>\n\t\t\t\t\t\t\t\t\t\t\t<a href=\"#\"><br \/>\n\t\t\t\t\t\t\t\t\t\t\t<\/a><br \/>\n\t\t\t\t\t\t\t\t<!-- image --><br \/>\n\t\t\t\t\t\t\t\t<img loading=\"lazy\" width=\"270\" height=\"300\" src=\"https:\/\/asafi.sn\/wp-content\/uploads\/2024\/03\/Design-sans-titre-16.jpg\" alt=\"\" decoding=\"async\" \/><br \/>\n\t\t\t\t\t\t\t\t\t\t<!-- title --><\/p>\n<h5>Djibril NDIAYE <\/h5>\n<p>\t\t\t\t\t\t\t\t\t\t<!-- subtitle --><br \/>\n\t\t\t\t\t\t\t\t\t\t<!-- content --><\/p>\n<p>Secr\u00e9taire G\u00e9n\u00e9ral aux Affaires Sociales, Culturelles et Juridiques <\/p>\n<p>\t\t\t\t\t\t\t\t\t\t\t<!-- icon --><br \/>\n\t\t\t\t\t\t\t\t\t\t\t<a href=\"#\"><br \/>\n\t\t\t\t\t\t\t\t\t\t\t<\/a><br \/>\n\t\t\t\t\t\t\t\t<!-- image --><br \/>\n\t\t\t\t\t\t\t\t<img loading=\"lazy\" width=\"270\" height=\"300\" src=\"https:\/\/asafi.sn\/wp-content\/uploads\/2024\/03\/Design-sans-titre-5.jpg\" alt=\"\" decoding=\"async\" \/><br \/>\n\t\t\t\t\t\t\t\t\t\t<!-- title --><\/p>\n<h5>Issa BARRO <\/h5>\n<p>\t\t\t\t\t\t\t\t\t\t<!-- subtitle --><br \/>\n\t\t\t\t\t\t\t\t\t\t<!-- content --><\/p>\n<p>Membre du Comit\u00e9 Directeur <\/p>\n<p>\t\t\t\t\t\t\t\t\t\t\t<!-- icon --><br \/>\n\t\t\t\t\t\t\t\t\t\t\t<a href=\"#\"><br \/>\n\t\t\t\t\t\t\t\t\t\t\t<\/a><br \/>\n\t\t\t\t\t\t\t\t<!-- image --><br \/>\n\t\t\t\t\t\t\t\t<img loading=\"lazy\" width=\"270\" height=\"300\" src=\"https:\/\/asafi.sn\/wp-content\/uploads\/2024\/03\/Design-sans-titre-9-1.jpg\" alt=\"\" decoding=\"async\" \/><br \/>\n\t\t\t\t\t\t\t\t\t\t<!-- title --><\/p>\n<h5>El Hadji DIOUF <\/h5>\n<p>\t\t\t\t\t\t\t\t\t\t<!-- subtitle --><br \/>\n\t\t\t\t\t\t\t\t\t\t<!-- content --><\/p>\n<p>Membre du Comit\u00e9 Directeur <\/p>\n<p>\t\t\t\t\t\t\t\t\t\t\t<!-- icon --><br \/>\n\t\t\t\t\t\t\t\t\t\t\t<a href=\"#\"><br \/>\n\t\t\t\t\t\t\t\t\t\t\t<\/a><br \/>\n\t\t\t\t\t\t\t\t<!-- image --><br \/>\n\t\t\t\t\t\t\t\t<img loading=\"lazy\" width=\"270\" height=\"300\" src=\"https:\/\/asafi.sn\/wp-content\/uploads\/2024\/03\/Design-sans-titre-10.jpg\" alt=\"\" decoding=\"async\" \/><br \/>\n\t\t\t\t\t\t\t\t\t\t<!-- title --><\/p>\n<h5>Nelly FOSTER <\/h5>\n<p>\t\t\t\t\t\t\t\t\t\t<!-- subtitle --><br \/>\n\t\t\t\t\t\t\t\t\t\t<!-- content --><\/p>\n<p>Membre du Comit\u00e9 Directeur <\/p>\n<p>\t\t\t\t\t\t\t\t\t\t\t<!-- icon --><br \/>\n\t\t\t\t\t\t\t\t\t\t\t<a href=\"#\"><br \/>\n\t\t\t\t\t\t\t\t\t\t\t<\/a><br \/>\n\t\t\t\t\t\t\t\t<!-- image --><br \/>\n\t\t\t\t\t\t\t\t<img loading=\"lazy\" width=\"270\" height=\"300\" src=\"https:\/\/asafi.sn\/wp-content\/uploads\/2024\/03\/Design-sans-titre-10.jpg\" alt=\"\" decoding=\"async\" \/><br \/>\n\t\t\t\t\t\t\t\t\t\t<!-- title --><\/p>\n<h5>Ganna GUEYE <\/h5>\n<p>\t\t\t\t\t\t\t\t\t\t<!-- subtitle --><br \/>\n\t\t\t\t\t\t\t\t\t\t<!-- content --><\/p>\n<p>Membre du Comit\u00e9 Directeur <\/p>\n<p>\t\t\t\t\t\t\t\t\t\t\t<!-- icon --><br \/>\n\t\t\t\t\t\t\t\t\t\t\t<a href=\"#\"><br \/>\n\t\t\t\t\t\t\t\t\t\t\t<\/a><br \/>\n\t\t\t\t\t\t\t\t<!-- image --><br \/>\n\t\t\t\t\t\t\t\t<img loading=\"lazy\" width=\"270\" height=\"300\" src=\"https:\/\/asafi.sn\/wp-content\/uploads\/2024\/03\/Design-sans-titre-13.jpg\" alt=\"\" decoding=\"async\" \/><br \/>\n\t\t\t\t\t\t\t\t\t\t<!-- title --><\/p>\n<h5>Katy NDONG <\/h5>\n<p>\t\t\t\t\t\t\t\t\t\t<!-- subtitle --><br \/>\n\t\t\t\t\t\t\t\t\t\t<!-- content --><\/p>\n<p>Membre du Comit\u00e9 Directeur <\/p>\n<p>\t\t\t\t\t\t\t\t\t\t\t<!-- icon --><br \/>\n\t\t\t\t\t\t\t\t\t\t\t<a href=\"#\"><br \/>\n\t\t\t\t\t\t\t\t\t\t\t<\/a><br \/>\n\t\t\t\t\t\t\t\t<!-- image --><br \/>\n\t\t\t\t\t\t\t\t<img loading=\"lazy\" width=\"270\" height=\"300\" src=\"https:\/\/asafi.sn\/wp-content\/uploads\/2024\/03\/Design-sans-titre-14.jpg\" alt=\"\" decoding=\"async\" \/><br \/>\n\t\t\t\t\t\t\t\t\t\t<!-- title --><\/p>\n<h5>Nd\u00e8ye Ngon\u00e9 TOURE <\/h5>\n<p>\t\t\t\t\t\t\t\t\t\t<!-- subtitle --><br \/>\n\t\t\t\t\t\t\t\t\t\t<!-- content --><\/p>\n<p>Membre du Comit\u00e9 Directeur <\/p>\n<p>\t\t\t\t\t\t\t\t\t\t\t<!-- icon --><br \/>\n\t\t\t\t\t\t\t\t\t\t\t<a href=\"#\"><br \/>\n\t\t\t\t\t\t\t\t\t\t\t<\/a><br \/>\n\t\t\t\t\t\t\t\t<!-- image --><br \/>\n\t\t\t\t\t\t\t\t<img loading=\"lazy\" width=\"270\" height=\"300\" src=\"https:\/\/asafi.sn\/wp-content\/uploads\/2024\/04\/Design-sans-titre-25.jpg\" alt=\"\" decoding=\"async\" \/><br \/>\n\t\t\t\t\t\t\t\t\t\t<!-- title --><\/p>\n<h5>Ousmane LAYE<br \/>\n <\/h5>\n<p>\t\t\t\t\t\t\t\t\t\t<!-- subtitle --><br \/>\n\t\t\t\t\t\t\t\t\t\t<!-- content --><\/p>\n<p>Membre du Comit\u00e9 Directeur\n <\/p>\n<p>\t\t\t\t\t\t\t\t\t\t\t<!-- icon --><br \/>\n\t\t\t\t\t\t\t\t\t\t\t<a href=\"#\"><br \/>\n\t\t\t\t\t\t\t\t\t\t\t<\/a><br \/>\n\t\t\t\t\t\t\t\t<!-- image --><br \/>\n\t\t\t\t\t\t\t\t<img loading=\"lazy\" width=\"270\" height=\"300\" src=\"https:\/\/asafi.sn\/wp-content\/uploads\/2024\/03\/Design-sans-titre-17.jpg\" alt=\"\" decoding=\"async\" \/><br \/>\n\t\t\t\t\t\t\t\t\t\t<!-- title --><\/p>\n<h5>Mamoudou NDIAYE <\/h5>\n<p>\t\t\t\t\t\t\t\t\t\t<!-- subtitle --><br \/>\n\t\t\t\t\t\t\t\t\t\t<!-- content --><\/p>\n<p>Commissaire aux comptes <\/p>\n<p>\t\t\t\t\t\t\t\t\t\t\t<!-- icon --><br \/>\n\t\t\t\t\t\t\t\t\t\t\t<a href=\"#\"><br \/>\n\t\t\t\t\t\t\t\t\t\t\t<\/a><br \/>\n\t\t\t\t\t\t\t\t<!-- image --><br \/>\n\t\t\t\t\t\t\t\t<img loading=\"lazy\" width=\"270\" height=\"300\" src=\"https:\/\/asafi.sn\/wp-content\/uploads\/2024\/03\/Design-sans-titre-2.jpg\" alt=\"\" decoding=\"async\" \/><br \/>\n\t\t\t\t\t\t\t\t\t\t<!-- title --><\/p>\n<h5>Gilberte SYLLA <\/h5>\n<p>\t\t\t\t\t\t\t\t\t\t<!-- subtitle --><br \/>\n\t\t\t\t\t\t\t\t\t\t<!-- content --><\/p>\n<p>Commissaire aux comptes <\/p>\n<p>\t\t\t\t\t\t\t\t\t\t\t<!-- icon --><br \/>\n\t\t\t\t\t\t\t\t\t\t\t<a href=\"#\"><br \/>\n\t\t\t\t\t\t\t\t\t\t\t<\/a><\/p>\n","protected":false},"excerpt":{"rendered":"<p>Amadou Makhtar MBOW Pr\u00e9sident d&rsquo;honneur Alioune Mbodj DIONE Pr\u00e9sident d&rsquo;honneur Pr\u00e9sident d&rsquo;honneur \u00e0 titre posthume Makane FAYE Pr\u00e9sident d&rsquo;honneur Membres d&rsquo;honneur Mamadou TOURE Membre d&rsquo;honneur Louis ALEXANDRENNE Membre d&rsquo;honneur Comit\u00e9 Directeur Octobre 2016-2019 Octobre 2019-2022 Makane FAYE Pr\u00e9sident Awa TIONGANE Vice &#8211; Pr\u00e9sidente Abdoul Khadre DIAKHATE Secr\u00e9taire G\u00e9n\u00e9ral Adiara BA Secr\u00e9taire G\u00e9n\u00e9ral Adjointe Aboubacry Demba [&hellip;]<\/p>\n","protected":false},"author":1,"featured_media":0,"parent":0,"menu_order":0,"comment_status":"closed","ping_status":"closed","template":"template-home.php","meta":{"footnotes":""},"class_list":["post-5138","page","type-page","status-publish","hentry"],"_links":{"self":[{"href":"https:\/\/asafi.sn\/index.php?rest_route=\/wp\/v2\/pages\/5138","targetHints":{"allow":["GET"]}}],"collection":[{"href":"https:\/\/asafi.sn\/index.php?rest_route=\/wp\/v2\/pages"}],"about":[{"href":"https:\/\/asafi.sn\/index.php?rest_route=\/wp\/v2\/types\/page"}],"author":[{"embeddable":true,"href":"https:\/\/asafi.sn\/index.php?rest_route=\/wp\/v2\/users\/1"}],"replies":[{"embeddable":true,"href":"https:\/\/asafi.sn\/index.php?rest_route=%2Fwp%2Fv2%2Fcomments&post=5138"}],"version-history":[{"count":62,"href":"https:\/\/asafi.sn\/index.php?rest_route=\/wp\/v2\/pages\/5138\/revisions"}],"predecessor-version":[{"id":5908,"href":"https:\/\/asafi.sn\/index.php?rest_route=\/wp\/v2\/pages\/5138\/revisions\/5908"}],"wp:attachment":[{"href":"https:\/\/asafi.sn\/index.php?rest_route=%2Fwp%2Fv2%2Fmedia&parent=5138"}],"curies":[{"name":"wp","href":"https:\/\/api.w.org\/{rel}","templated":true}]}}