{"id":5020,"date":"2024-03-02T22:25:12","date_gmt":"2024-03-02T22:25:12","guid":{"rendered":"https:\/\/asafi-ec.com\/?page_id=5020"},"modified":"2024-09-28T17:43:48","modified_gmt":"2024-09-28T17:43:48","slug":"archives","status":"publish","type":"page","link":"https:\/\/asafi.sn\/?page_id=5020","title":{"rendered":"Archives"},"content":{"rendered":"<style>\/*! elementor - v3.19.0 - 26-02-2024 *\/\n.elementor-heading-title{padding:0;margin:0;line-height:1}.elementor-widget-heading .elementor-heading-title[class*=elementor-size-]>a{color:inherit;font-size:inherit;line-height:inherit}.elementor-widget-heading .elementor-heading-title.elementor-size-small{font-size:15px}.elementor-widget-heading .elementor-heading-title.elementor-size-medium{font-size:19px}.elementor-widget-heading .elementor-heading-title.elementor-size-large{font-size:29px}.elementor-widget-heading .elementor-heading-title.elementor-size-xl{font-size:39px}.elementor-widget-heading .elementor-heading-title.elementor-size-xxl{font-size:59px}<\/style>\n<h2>Archives<\/h2>\n<style>\/*! elementor - v3.19.0 - 26-02-2024 *\/\n.elementor-widget-image{text-align:center}.elementor-widget-image a{display:inline-block}.elementor-widget-image a img[src$=\".svg\"]{width:48px}.elementor-widget-image img{vertical-align:middle;display:inline-block}<\/style>\n<p>\t\t\t\t\t\t\t\t\t\t<img loading=\"lazy\" decoding=\"async\" width=\"713\" height=\"757\" src=\"https:\/\/asafi.sn\/wp-content\/uploads\/2024\/09\/WhatsApp-Image-2024-09-04-at-12.37.02.jpeg\" alt=\"\" srcset=\"https:\/\/asafi.sn\/wp-content\/uploads\/2024\/09\/WhatsApp-Image-2024-09-04-at-12.37.02.jpeg 713w, https:\/\/asafi.sn\/wp-content\/uploads\/2024\/09\/WhatsApp-Image-2024-09-04-at-12.37.02-283x300.jpeg 283w\" sizes=\"auto, (max-width: 713px) 100vw, 713px\" \/>\t\t\t\t\t\t\t\t\t\t\t\t\t<\/p>\n<p><strong>In Memoriam<\/strong><\/p>\n<p align=\"\u201djustify\u201d\">L&rsquo;Association S\u00e9n\u00e9galaise des Anciens Fonctionnaires Internationaux (ASAFI) a le regret et la douleur de vous faire part du d\u00e9c\u00e8s, le 2 Septembre 2024, de Mme Katy NDONG retrait\u00e9e du BIT.<\/p>\n<p>Jeudi 5 septembre 2024:<br \/>-Lev\u00e9e de corps \u00e0 l&rsquo;H\u00f4pital principal \u00e0 10:00<br \/>-Messe \u00e0 la Cath\u00e9drale \u00e0 11:00<br \/>-Inhumation au Cimeti\u00e8re de Bel Air<br \/>-Condol\u00e9ances aux HLM Grand M\u00e9dias No 511<\/p>\n<p>ASAFI pr\u00e9sente ses condol\u00e9ances \u00e0 la famille \u00e9plor\u00e9e et \u00e0 toute la famille ONU du S\u00e9n\u00e9gal et ailleurs.<\/p>\n","protected":false},"excerpt":{"rendered":"<p>Archives In Memoriam L&rsquo;Association S\u00e9n\u00e9galaise des Anciens Fonctionnaires Internationaux (ASAFI) a le regret et la douleur de vous faire part du d\u00e9c\u00e8s, le 2 Septembre 2024, de Mme Katy NDONG retrait\u00e9e du BIT. Jeudi 5 septembre 2024:-Lev\u00e9e de corps \u00e0 l&rsquo;H\u00f4pital principal \u00e0 10:00-Messe \u00e0 la Cath\u00e9drale \u00e0 11:00-Inhumation au Cimeti\u00e8re de Bel Air-Condol\u00e9ances aux [&hellip;]<\/p>\n","protected":false},"author":1,"featured_media":0,"parent":0,"menu_order":0,"comment_status":"closed","ping_status":"closed","template":"template-home.php","meta":{"footnotes":""},"class_list":["post-5020","page","type-page","status-publish","hentry"],"_links":{"self":[{"href":"https:\/\/asafi.sn\/index.php?rest_route=\/wp\/v2\/pages\/5020","targetHints":{"allow":["GET"]}}],"collection":[{"href":"https:\/\/asafi.sn\/index.php?rest_route=\/wp\/v2\/pages"}],"about":[{"href":"https:\/\/asafi.sn\/index.php?rest_route=\/wp\/v2\/types\/page"}],"author":[{"embeddable":true,"href":"https:\/\/asafi.sn\/index.php?rest_route=\/wp\/v2\/users\/1"}],"replies":[{"embeddable":true,"href":"https:\/\/asafi.sn\/index.php?rest_route=%2Fwp%2Fv2%2Fcomments&post=5020"}],"version-history":[{"count":7,"href":"https:\/\/asafi.sn\/index.php?rest_route=\/wp\/v2\/pages\/5020\/revisions"}],"predecessor-version":[{"id":6654,"href":"https:\/\/asafi.sn\/index.php?rest_route=\/wp\/v2\/pages\/5020\/revisions\/6654"}],"wp:attachment":[{"href":"https:\/\/asafi.sn\/index.php?rest_route=%2Fwp%2Fv2%2Fmedia&parent=5020"}],"curies":[{"name":"wp","href":"https:\/\/api.w.org\/{rel}","templated":true}]}}