{"id":4431,"date":"2024-02-29T15:22:50","date_gmt":"2024-02-29T15:22:50","guid":{"rendered":"https:\/\/asafi-ec.com\/?page_id=4431"},"modified":"2024-02-29T15:46:28","modified_gmt":"2024-02-29T15:46:28","slug":"affiliation","status":"publish","type":"page","link":"https:\/\/asafi.sn\/?page_id=4431","title":{"rendered":"Affiliation"},"content":{"rendered":"<style>\/*! elementor - v3.19.0 - 26-02-2024 *\/\n.elementor-heading-title{padding:0;margin:0;line-height:1}.elementor-widget-heading .elementor-heading-title[class*=elementor-size-]>a{color:inherit;font-size:inherit;line-height:inherit}.elementor-widget-heading .elementor-heading-title.elementor-size-small{font-size:15px}.elementor-widget-heading .elementor-heading-title.elementor-size-medium{font-size:19px}.elementor-widget-heading .elementor-heading-title.elementor-size-large{font-size:29px}.elementor-widget-heading .elementor-heading-title.elementor-size-xl{font-size:39px}.elementor-widget-heading .elementor-heading-title.elementor-size-xxl{font-size:59px}<\/style>\n<h2>Affiliation<\/h2>\n<p>L\u2019Association s\u00e9n\u00e9galaise des Anciens Fonctionnaires internationaux (ASAFI) participe activement \u00e0 la coop\u00e9ration entre les associations-s\u0153urs en Afrique, notamment \u00e0 la cr\u00e9ation de leur f\u00e9d\u00e9ration et, si elle existe, \u00e0 son renforcement.<\/p>\n<p>ASAFI s\u2019affilie \u00e0 toute f\u00e9d\u00e9ration d\u2019associations-s\u0153urs notamment la F\u00e9d\u00e9ration des Associations d\u2019Anciens Fonctionnaires Internationaux (FAAFI) des Nations Unies, en vue de coop\u00e9rer dans toutes ses activit\u00e9s, de se faire repr\u00e9senter par elle au niveau des organismes administratifs du syst\u00e8me des Nations Unies tel que le Conseil d\u2019Administration des Pensions, et \u00e9ventuellement de la repr\u00e9senter comme ONG.<br \/>\nElle coop\u00e8re avec les Associations nationales et internationales pour la r\u00e9alisation d\u2019objectifs communs.<\/p>\n","protected":false},"excerpt":{"rendered":"<p>Affiliation L\u2019Association s\u00e9n\u00e9galaise des Anciens Fonctionnaires internationaux (ASAFI) participe activement \u00e0 la coop\u00e9ration entre les associations-s\u0153urs en Afrique, notamment \u00e0 la cr\u00e9ation de leur f\u00e9d\u00e9ration et, si elle existe, \u00e0 son renforcement. ASAFI s\u2019affilie \u00e0 toute f\u00e9d\u00e9ration d\u2019associations-s\u0153urs notamment la F\u00e9d\u00e9ration des Associations d\u2019Anciens Fonctionnaires Internationaux (FAAFI) des Nations Unies, en vue de coop\u00e9rer dans [&hellip;]<\/p>\n","protected":false},"author":1,"featured_media":0,"parent":0,"menu_order":0,"comment_status":"closed","ping_status":"closed","template":"template-home.php","meta":{"footnotes":""},"class_list":["post-4431","page","type-page","status-publish","hentry"],"_links":{"self":[{"href":"https:\/\/asafi.sn\/index.php?rest_route=\/wp\/v2\/pages\/4431","targetHints":{"allow":["GET"]}}],"collection":[{"href":"https:\/\/asafi.sn\/index.php?rest_route=\/wp\/v2\/pages"}],"about":[{"href":"https:\/\/asafi.sn\/index.php?rest_route=\/wp\/v2\/types\/page"}],"author":[{"embeddable":true,"href":"https:\/\/asafi.sn\/index.php?rest_route=\/wp\/v2\/users\/1"}],"replies":[{"embeddable":true,"href":"https:\/\/asafi.sn\/index.php?rest_route=%2Fwp%2Fv2%2Fcomments&post=4431"}],"version-history":[{"count":10,"href":"https:\/\/asafi.sn\/index.php?rest_route=\/wp\/v2\/pages\/4431\/revisions"}],"predecessor-version":[{"id":4447,"href":"https:\/\/asafi.sn\/index.php?rest_route=\/wp\/v2\/pages\/4431\/revisions\/4447"}],"wp:attachment":[{"href":"https:\/\/asafi.sn\/index.php?rest_route=%2Fwp%2Fv2%2Fmedia&parent=4431"}],"curies":[{"name":"wp","href":"https:\/\/api.w.org\/{rel}","templated":true}]}}