{"id":4415,"date":"2024-02-29T14:54:07","date_gmt":"2024-02-29T14:54:07","guid":{"rendered":"https:\/\/asafi-ec.com\/?page_id=4415"},"modified":"2024-02-29T15:14:51","modified_gmt":"2024-02-29T15:14:51","slug":"reglement-interieur","status":"publish","type":"page","link":"https:\/\/asafi.sn\/?page_id=4415","title":{"rendered":"R\u00e8glement int\u00e9rieur"},"content":{"rendered":"<h2>R\u00e8glement int\u00e9rieur<\/h2>\n<p><iframe loading=\"lazy\" src=\"https:\/\/asafi.sn\/wp-content\/uploads\/2024\/02\/ASAFI-reglement-interieur.pdf\" width=\"80%\" height=\"600px\" style=\"border: none;\"><\/iframe>\t\t<\/p>\n<h2>Amendements au r\u00e8glement<\/h2>\n<p><iframe loading=\"lazy\" src=\"https:\/\/asafi.sn\/wp-content\/uploads\/2024\/02\/bbAmendements-reglement.pdf\" width=\"80%\" height=\"600px\" style=\"border: none;\"><\/iframe><\/p>\n","protected":false},"excerpt":{"rendered":"<p>R\u00e8glement int\u00e9rieur Amendements au r\u00e8glement<\/p>\n","protected":false},"author":1,"featured_media":0,"parent":0,"menu_order":0,"comment_status":"closed","ping_status":"closed","template":"template-home.php","meta":{"footnotes":""},"class_list":["post-4415","page","type-page","status-publish","hentry"],"_links":{"self":[{"href":"https:\/\/asafi.sn\/index.php?rest_route=\/wp\/v2\/pages\/4415","targetHints":{"allow":["GET"]}}],"collection":[{"href":"https:\/\/asafi.sn\/index.php?rest_route=\/wp\/v2\/pages"}],"about":[{"href":"https:\/\/asafi.sn\/index.php?rest_route=\/wp\/v2\/types\/page"}],"author":[{"embeddable":true,"href":"https:\/\/asafi.sn\/index.php?rest_route=\/wp\/v2\/users\/1"}],"replies":[{"embeddable":true,"href":"https:\/\/asafi.sn\/index.php?rest_route=%2Fwp%2Fv2%2Fcomments&post=4415"}],"version-history":[{"count":10,"href":"https:\/\/asafi.sn\/index.php?rest_route=\/wp\/v2\/pages\/4415\/revisions"}],"predecessor-version":[{"id":4430,"href":"https:\/\/asafi.sn\/index.php?rest_route=\/wp\/v2\/pages\/4415\/revisions\/4430"}],"wp:attachment":[{"href":"https:\/\/asafi.sn\/index.php?rest_route=%2Fwp%2Fv2%2Fmedia&parent=4415"}],"curies":[{"name":"wp","href":"https:\/\/api.w.org\/{rel}","templated":true}]}}