{"id":4361,"date":"2024-02-29T10:50:25","date_gmt":"2024-02-29T10:50:25","guid":{"rendered":"https:\/\/asafi-ec.com\/?page_id=4361"},"modified":"2024-03-03T09:08:53","modified_gmt":"2024-03-03T09:08:53","slug":"adhesion","status":"publish","type":"page","link":"https:\/\/asafi.sn\/?page_id=4361","title":{"rendered":"Adh\u00e9sion"},"content":{"rendered":"<p><!-- text widget center --><br \/>\n\t\t\t\t\t\t\t<!-- text widget top --><br \/>\n\t\t\t\t\t\t\t<!-- text widget middle --><\/p>\n<h2>Comment adh\u00e9rer?<\/h2>\n<p>\t\t\t\t\t\t\t\t\t\t\t\t\t\t<!-- text widget bottom --><br \/>\n\t\t\t\t\t\t\t<!-- content --><\/p>\n<p><p align=\"justify\">L\u2019ASAFI, comme indiqu\u00e9 dans ses statuts, est ouverte \u00e0 tous les ancien(e)s fonctionnaires et<br \/>expert(e)s du Syst\u00e8me des Nations Unies.<br \/>Pour y adh\u00e9rer, le candidat doit payer sa carte de membre \u00e0 5 000 FCFA et s\u2019acquitter de sa cotisation annuelle qui est fix\u00e9e \u00e0 20 000 FCFA pour les anciens de la cat\u00e9gorie des professionnels et 10 000 FCFA pour les anciens des services g\u00e9n\u00e9raux. Il doit \u00eatre \u00e0 jour de ses cotisations pour jouir de tous les droits.<\/p>\n<p>Tout membre peut opter \u00e0 tout moment pour une cotisation \u00e0 vie. Dans ce cas il doit verser 200 000 FCFA s\u2019il rel\u00e8ve de la cat\u00e9gorie des professionnels et 100 000 FCFA pour les services g\u00e9n\u00e9raux. Il aura dans ce cas le statut de membre \u00e0 vie.<\/p>\n<p><a href=\"https:\/\/asafi.sn\/?page_id=4386\">Lien Statuts<\/a><\/p>\n<\/p>\n<p>\t\t\t\t\t\t\t<!--- List content ---><\/p>\n<ul>\n\t\t\t\t\t\t\t\t\t\t\t\t\t\t\t\t\t<\/ul>\n<p>\t\t\t\t<!-- image --><br \/>\n\t\t\t\t<img loading=\"lazy\" width=\"960\" height=\"720\" src=\"https:\/\/asafi.sn\/wp-content\/uploads\/2024\/02\/WhatsApp-Image-2024-02-28-a-00.46.39_710b42ce.jpg\" alt=\"\" decoding=\"async\" srcset=\"https:\/\/asafi.sn\/wp-content\/uploads\/2024\/02\/WhatsApp-Image-2024-02-28-a-00.46.39_710b42ce.jpg 960w, https:\/\/asafi.sn\/wp-content\/uploads\/2024\/02\/WhatsApp-Image-2024-02-28-a-00.46.39_710b42ce-300x225.jpg 300w, https:\/\/asafi.sn\/wp-content\/uploads\/2024\/02\/WhatsApp-Image-2024-02-28-a-00.46.39_710b42ce-768x576.jpg 768w, https:\/\/asafi.sn\/wp-content\/uploads\/2024\/02\/WhatsApp-Image-2024-02-28-a-00.46.39_710b42ce-800x600.jpg 800w\" sizes=\"auto, (max-width: 960px) 100vw, 960px\" \/><br \/>\n\t\t\t\t\t\t\t<!-- title --><\/p>\n<h1>Type Your Title<\/h1>\n<p>\t\t\t\t\t\t\t<!-- content --><\/p>\n<h2>Demande d&rsquo;adh\u00e9sion <\/h2>\n<p role=\"status\" aria-live=\"polite\" aria-atomic=\"true\">\n<ul><\/ul>\n<form action=\"\/wp-admin\/admin-ajax.php#wpcf7-f5092-o1\" method=\"post\" aria-label=\"Formulaire de contact\" novalidate=\"novalidate\" data-status=\"init\">\n<input type=\"hidden\" name=\"_wpcf7\" value=\"5092\" \/><br \/>\n<input type=\"hidden\" name=\"_wpcf7_version\" value=\"5.8.7\" \/><br \/>\n<input type=\"hidden\" name=\"_wpcf7_locale\" value=\"fr_FR\" \/><br \/>\n<input type=\"hidden\" name=\"_wpcf7_unit_tag\" value=\"wpcf7-f5092-o1\" \/><br \/>\n<input type=\"hidden\" name=\"_wpcf7_container_post\" value=\"0\" \/><br \/>\n<input type=\"hidden\" name=\"_wpcf7_posted_data_hash\" value=\"\" \/><\/p>\n<p><label>Titre<br \/>\n<select id=\"titre\" aria-required=\"true\" aria-invalid=\"false\" name=\"menu-746\"><option value=\"\">&#8212;Veuillez choisir une option&#8212;<\/option><option value=\"Madame\">Madame<\/option><option value=\"Monsieur\">Monsieur<\/option><\/select><\/label>\n<\/p>\n<p><label>Nom<br \/>\n<input size=\"40\" id=\"nom\" aria-required=\"true\" aria-invalid=\"false\" value=\"\" type=\"text\" name=\"text-455\" \/><\/label>\n<\/p>\n<p><label>Pr\u00e9nom<br \/>\n<input size=\"40\" id=\"prenom\" aria-required=\"true\" aria-invalid=\"false\" value=\"\" type=\"text\" name=\"text-513\" \/><\/label>\n<\/p>\n<p><label>Nom de jeune fille<br \/>\n<input size=\"40\" id=\"nomjeunefille\" aria-invalid=\"false\" value=\"\" type=\"text\" name=\"text-122\" \/><\/label>\n<\/p>\n<p><label>Situation familiale<br \/>\n<select aria-invalid=\"false\" name=\"menu-649\"><option value=\"\">&#8212;Veuillez choisir une option&#8212;<\/option><option value=\"C\u00e9libataire\">C\u00e9libataire<\/option><option value=\"Mari\u00e9(e)\">Mari\u00e9(e)<\/option><option value=\"Divorc\u00e9(e)\">Divorc\u00e9(e)<\/option><option value=\"Veuf(ve)\">Veuf(ve)<\/option><\/select><\/label>\n<\/p>\n<p><label>Adresse email<br \/>\n<input size=\"40\" id=\"your-email\" aria-required=\"true\" aria-invalid=\"false\" value=\"\" type=\"email\" name=\"email-770\" \/><\/label>\n<\/p>\n<p><label>Adresse rue et n\u00b0<br \/>\n<input size=\"40\" id=\"adresse\" aria-invalid=\"false\" value=\"\" type=\"text\" name=\"text-468\" \/><\/label>\n<\/p>\n<p><label>Quartier<br \/>\n<input size=\"40\" id=\"quartier\" aria-invalid=\"false\" value=\"\" type=\"text\" name=\"text-212\" \/><\/label>\n<\/p>\n<p><label>Code postal \/ ZIP<br \/>\n<input size=\"40\" id=\"zip\" aria-invalid=\"false\" value=\"\" type=\"text\" name=\"text-102\" \/><\/label>\n<\/p>\n<p><label>Ville<br \/>\n<input size=\"40\" id=\"ville\" aria-invalid=\"false\" value=\"\" type=\"text\" name=\"text-185\" \/><\/label>\n<\/p>\n<p><label>Pays de r\u00e9sidence principal<br \/>\n<input size=\"40\" id=\"residence1\" aria-invalid=\"false\" value=\"\" type=\"text\" name=\"text-448\" \/><\/label>\n<\/p>\n<p><label>Pays de r\u00e9sidence secondaire<br \/>\n<input size=\"40\" id=\"residence2\" aria-invalid=\"false\" value=\"\" type=\"text\" name=\"text-662\" \/><\/label>\n<\/p>\n<p><label>Pays de r\u00e9sidence principal<br \/>\nNom de la derni\u00e8re organisation des Nations<br \/>\nUnies fr\u00e9quent\u00e9e avant la retraite et date de<br \/>\nd\u00e9part a la retraite<br \/>\n<input size=\"40\" id=\"organisation\" aria-invalid=\"false\" value=\"\" type=\"text\" name=\"text-641\" \/><\/label>\n<\/p>\n<p><label>Derni\u00e8res fonctions occup\u00e9es<br \/>\n<input size=\"40\" id=\"fonction\" aria-invalid=\"false\" value=\"\" type=\"text\" name=\"text-206\" \/><\/label>\n<\/p>\n<p><label>Cat\u00e9gorie et grade<br \/>\n<input size=\"40\" id=\"categorie\" aria-invalid=\"false\" value=\"\" type=\"text\" name=\"text-34\" \/><\/label>\n<\/p>\n<p><label>Activit\u00e9s post retraite<br \/>\n<input size=\"40\" id=\"activites\" aria-invalid=\"false\" value=\"\" type=\"text\" name=\"text-468\" \/><\/label>\n<\/p>\n<p><label>Num\u00e9ro de t\u00e9l\u00e9phone<br \/>\n<input size=\"40\" id=\"tel\" aria-invalid=\"false\" value=\"\" type=\"text\" name=\"text-180\" \/><\/label>\n<\/p>\n<p><label>J&rsquo;ai pris connaissance des statuts<br \/>\n<input type=\"checkbox\" name=\"acceptance-399\" value=\"1\" id=\"statutslus\" aria-invalid=\"false\" \/><\/label>\n<\/p>\n<p style=\"display: none !important;\" data-prefix=\"_wpcf7_ak_\"><label>&#916;<textarea name=\"_wpcf7_ak_hp_textarea\" cols=\"45\" rows=\"8\" maxlength=\"100\"><\/textarea><\/label><input type=\"hidden\" id=\"ak_js_1\" name=\"_wpcf7_ak_js\" value=\"158\"\/><\/p>\n<\/form>\n","protected":false},"excerpt":{"rendered":"<p>Comment adh\u00e9rer? L\u2019ASAFI, comme indiqu\u00e9 dans ses statuts, est ouverte \u00e0 tous les ancien(e)s fonctionnaires etexpert(e)s du Syst\u00e8me des Nations Unies.Pour y adh\u00e9rer, le candidat doit payer sa carte de membre \u00e0 5 000 FCFA et s\u2019acquitter de sa cotisation annuelle qui est fix\u00e9e \u00e0 20 000 FCFA pour les anciens de la cat\u00e9gorie des [&hellip;]<\/p>\n","protected":false},"author":1,"featured_media":0,"parent":0,"menu_order":0,"comment_status":"closed","ping_status":"closed","template":"template-home.php","meta":{"footnotes":""},"class_list":["post-4361","page","type-page","status-publish","hentry"],"_links":{"self":[{"href":"https:\/\/asafi.sn\/index.php?rest_route=\/wp\/v2\/pages\/4361","targetHints":{"allow":["GET"]}}],"collection":[{"href":"https:\/\/asafi.sn\/index.php?rest_route=\/wp\/v2\/pages"}],"about":[{"href":"https:\/\/asafi.sn\/index.php?rest_route=\/wp\/v2\/types\/page"}],"author":[{"embeddable":true,"href":"https:\/\/asafi.sn\/index.php?rest_route=\/wp\/v2\/users\/1"}],"replies":[{"embeddable":true,"href":"https:\/\/asafi.sn\/index.php?rest_route=%2Fwp%2Fv2%2Fcomments&post=4361"}],"version-history":[{"count":52,"href":"https:\/\/asafi.sn\/index.php?rest_route=\/wp\/v2\/pages\/4361\/revisions"}],"predecessor-version":[{"id":5119,"href":"https:\/\/asafi.sn\/index.php?rest_route=\/wp\/v2\/pages\/4361\/revisions\/5119"}],"wp:attachment":[{"href":"https:\/\/asafi.sn\/index.php?rest_route=%2Fwp%2Fv2%2Fmedia&parent=4361"}],"curies":[{"name":"wp","href":"https:\/\/api.w.org\/{rel}","templated":true}]}}