{"id":1519,"date":"2019-11-14T16:29:23","date_gmt":"2019-11-14T16:29:23","guid":{"rendered":"http:\/\/localhost\/astute\/?page_id=1519"},"modified":"2025-07-27T14:01:57","modified_gmt":"2025-07-27T14:01:57","slug":"in_memoriam","status":"publish","type":"page","link":"https:\/\/asafi.sn\/?page_id=1519","title":{"rendered":"In Memoriam"},"content":{"rendered":"<p><!-- title center --><br \/>\n\t\t\t\t\t\t\t<!-- icon position --><br \/>\n\t\t\t\t\t\t\t<!-- end icon position --><br \/>\n\t\t\t\t\t\t\t<!-- title top --><\/p>\n<h2>\n<\/h2>\n<p>\t\t\t\t\t\t\t<!-- icon position --><br \/>\n\t\t\t\t\t\t\t<!-- end icon position --><br \/>\n\t\t\t\t\t\t\t<!-- title middle --><\/p>\n<h3>In Memoriam<\/h3>\n<p>\t\t\t\t\t\t\t\t\t\t\t\t\t\t<!-- title bottom --><br \/>\n\t\t\t\t\t\t\t<!-- image --><br \/>\n\t\t\t\t\t\t\t\t\t\t\t\t\t\t<!-- icon --><br \/>\n\t\t\t\t\t\t\t<!-- bar --><br \/>\n\t\t\t\t\t\t\t\t\t\t\t\t\t\t<!-- circle bar --><br \/>\n\t\t\t\t\t\t\t<!-- content --><\/p>\n<p><p align = \"justify\">\nL&rsquo;ASAFI rend hommage \u00e0 ses d\u00e9funts membres pour leurs contributions au sein de l&rsquo;association mais aussi au niveau des Nations Unies et pour les services rendus \u00e0 leur pays. Par leur comp\u00e9tence, exp\u00e9rience, professionnalisme et int\u00e9grit\u00e9, ils ont contribu\u00e9 \u00e0 asseoir les bases de l&rsquo;association qui continuera \u00e0 servir les anciens fonctionnaires internationaux du S\u00e9n\u00e9gal ainsi que leurs familles. <\/p>\n<p>\t\t\t\t\t\t\t<!-- inner title --><\/p>\n<figure><img decoding=\"async\" src=\"https:\/\/asafi.sn\/wp-content\/uploads\/2024\/04\/Design-sans-titre-26.jpg\" alt=\"Design sans titre (26)\" \/><figcaption>Mamadou TOURE 28\/12\/17 <\/figcaption><\/figure>\n<figure><img decoding=\"async\" src=\"https:\/\/asafi.sn\/wp-content\/uploads\/2024\/03\/Design-sans-titre-6-1.jpg\" alt=\"Design sans titre (6)\" \/><figcaption>Louis ALEXANDRENNE 2018<\/figcaption><\/figure>\n<figure><img decoding=\"async\" src=\"https:\/\/asafi.sn\/wp-content\/uploads\/2024\/03\/Design-sans-titre-5-1.jpg\" alt=\"Design sans titre (5)\" \/><figcaption>Colonel Djiby DIOP 2019<\/figcaption><\/figure>\n<figure><img decoding=\"async\" src=\"https:\/\/asafi.sn\/wp-content\/uploads\/2024\/05\/Design-sans-titre-32.jpg\" alt=\"Design sans titre (32)\" \/><figcaption>Rama L\u00e8ye DIOUF<br \/>\n25\/12\/2019<\/figcaption><\/figure>\n<figure><img decoding=\"async\" src=\"https:\/\/asafi.sn\/wp-content\/uploads\/2024\/03\/Design-sans-titre-16-1.jpg\" alt=\"Design sans titre (16)\" \/><figcaption>Mansour SOW  19\/04\/2020<br \/>\n<a href=\"https:\/\/lequotidien.sn\/hommage-temoignage-de-me-augustin-senghor-suite-au-deces-\nde-mansour-sow-bel-je-ne-te-pleurerai-pas\/\">Lien<\/a><\/figcaption><\/figure>\n<figure><img decoding=\"async\" src=\"https:\/\/asafi.sn\/wp-content\/uploads\/2024\/05\/Design-sans-titre-31.jpg\" alt=\"Design sans titre (31)\" \/><figcaption>Salam BA 09\/07\/2020<\/figcaption><\/figure>\n<figure><img decoding=\"async\" src=\"https:\/\/asafi.sn\/wp-content\/uploads\/2020\/06\/unnamed.png\" alt=\"unnamed\" \/><figcaption>Alioune BADIANE<br \/>\n31\/07\/2020<br \/>\n<a href=\"https:\/\/asafi.sn\/?page_id=5443\">Lien<\/a><\/figcaption><\/figure>\n<figure><img decoding=\"async\" src=\"https:\/\/asafi.sn\/wp-content\/uploads\/2024\/03\/Design-sans-titre-20.jpg\" alt=\"Design sans titre (20)\" \/><figcaption>El Hadji Mbara SENE\u00a0 12\/08\/2020<br \/>\n<\/figcaption><\/figure>\n<figure><img decoding=\"async\" src=\"https:\/\/asafi.sn\/wp-content\/uploads\/2024\/03\/Design-sans-titre-21.jpg\" alt=\"Design sans titre (21)\" \/><figcaption>Daouda NIANG\u00a006\/09\/2020<\/figcaption><\/figure>\n<figure><img decoding=\"async\" src=\"https:\/\/asafi.sn\/wp-content\/uploads\/2024\/05\/Design-sans-titre-30.jpg\" alt=\"Design sans titre (30)\" \/><figcaption>Amadou LY 22\/10\/2020<\/figcaption><\/figure>\n<figure><img decoding=\"async\" src=\"https:\/\/asafi.sn\/wp-content\/uploads\/2024\/03\/Design-sans-titre-23.jpg\" alt=\"\" \/><figcaption>Makane FAYE 26\/03\/2021<br \/>\n<a href=\"https:\/\/www.apc.org\/en\/news\/tribute-makane-faye-trainer-mentor-friend-and-colleague\nhttps:\/\/igfsa.org\/in-memory-of-makane-faye\n\">Lien<\/a><\/figcaption><\/figure>\n<figure><img decoding=\"async\" src=\"https:\/\/asafi.sn\/wp-content\/uploads\/2024\/03\/Design-sans-titre-24.jpg\" alt=\"Design sans titre (24)\" \/><figcaption>El Hadj Salif DIOP 27\/12\/2021<br \/>\n<a href=\"https:\/\/en.wikipedia.org\/wiki\/Salif_Diop\">Lien<\/a><\/figcaption><\/figure>\n<figure><img decoding=\"async\" src=\"https:\/\/asafi.sn\/wp-content\/uploads\/2024\/03\/Design-sans-titre-22.jpg\" alt=\"Design sans titre (22)\" \/><figcaption>Alioune Mbodj DIONE  23\/01\/2022<\/figcaption><\/figure>\n<figure><img decoding=\"async\" src=\"https:\/\/asafi.sn\/wp-content\/uploads\/2024\/03\/Design-sans-titre-3-1.jpg\" alt=\"Design sans titre (3)\" \/><figcaption>Bouna DIOUF\u00a027\/12\/2022<\/figcaption><\/figure>\n<figure><img decoding=\"async\" src=\"https:\/\/asafi.sn\/wp-content\/uploads\/2024\/04\/Design-sans-titre-27.jpg\" alt=\"Design sans titre (27)\" \/><figcaption>Adourakhemane Obey SOW 27\/02\/2023<br \/>\n<\/figcaption><\/figure>\n<figure><img decoding=\"async\" src=\"https:\/\/asafi.sn\/wp-content\/uploads\/2024\/09\/Design-sans-titre-55.jpg\" alt=\"Design sans titre (55)\" \/><figcaption>Khaty NDONG 02\/09\/2024<\/figcaption><\/figure>\n<figure><img decoding=\"async\" src=\"https:\/\/asafi.sn\/wp-content\/uploads\/2024\/09\/Design-sans-titre-57.jpg\" alt=\"Design sans titre (57)\" \/><figcaption>Amadou Moctar MBOW<br \/>\n23\/09\/2024<br \/>\n<a href=\"https:\/\/asafi.sn\/?page_id=6685\">Lien<\/a><\/figcaption><\/figure>\n<figure><img decoding=\"async\" src=\"https:\/\/asafi.sn\/wp-content\/uploads\/2024\/12\/Design-sans-titre-27-1.jpg\" alt=\"Design-sans-titre-27\" \/><figcaption>Soukeyna TALL<br \/>\n2024<\/figcaption><\/figure>\n<figure><img decoding=\"async\" src=\"https:\/\/asafi.sn\/wp-content\/uploads\/2024\/12\/Design-sans-titre-27.jpg\" alt=\"Design-sans-titre-27\" \/><figcaption>Mabintou DJITE<br \/>\n2024<\/figcaption><\/figure>\n<figure><img decoding=\"async\" src=\"https:\/\/asafi.sn\/wp-content\/uploads\/2025\/07\/Design-sans-titre.png\" alt=\"Design sans titre\" \/><figcaption>Papa Louis FALL 31\/05\/2025<\/figcaption><\/figure>\n<p>\t\t\t\t\t\t<svg aria-hidden=\"true\" viewBox=\"0 0 1000 1000\" xmlns=\"http:\/\/www.w3.org\/2000\/svg\"><path d=\"M646 125C629 125 613 133 604 142L308 442C296 454 292 471 292 487 292 504 296 521 308 533L604 854C617 867 629 875 646 875 663 875 679 871 692 858 704 846 713 829 713 812 713 796 708 779 692 767L438 487 692 225C700 217 708 204 708 187 708 171 704 154 692 142 675 129 663 125 646 125Z\"><\/path><\/svg><br \/>\n\t\t\t\t\t\t<svg aria-hidden=\"true\" viewBox=\"0 0 1000 1000\" xmlns=\"http:\/\/www.w3.org\/2000\/svg\"><path d=\"M696 533C708 521 713 504 713 487 713 471 708 454 696 446L400 146C388 133 375 125 354 125 338 125 325 129 313 142 300 154 292 171 292 187 292 204 296 221 308 233L563 492 304 771C292 783 288 800 288 817 288 833 296 850 308 863 321 871 338 875 354 875 371 875 388 867 400 854L696 533Z\"><\/path><\/svg><\/p>\n","protected":false},"excerpt":{"rendered":"<p>In Memoriam L&rsquo;ASAFI rend hommage \u00e0 ses d\u00e9funts membres pour leurs contributions au sein de l&rsquo;association mais aussi au niveau des Nations Unies et pour les services rendus \u00e0 leur pays. Par leur comp\u00e9tence, exp\u00e9rience, professionnalisme et int\u00e9grit\u00e9, ils ont contribu\u00e9 \u00e0 asseoir les bases de l&rsquo;association qui continuera \u00e0 servir les anciens fonctionnaires internationaux [&hellip;]<\/p>\n","protected":false},"author":1,"featured_media":0,"parent":0,"menu_order":0,"comment_status":"closed","ping_status":"closed","template":"template-home.php","meta":{"footnotes":""},"class_list":["post-1519","page","type-page","status-publish","hentry"],"_links":{"self":[{"href":"https:\/\/asafi.sn\/index.php?rest_route=\/wp\/v2\/pages\/1519","targetHints":{"allow":["GET"]}}],"collection":[{"href":"https:\/\/asafi.sn\/index.php?rest_route=\/wp\/v2\/pages"}],"about":[{"href":"https:\/\/asafi.sn\/index.php?rest_route=\/wp\/v2\/types\/page"}],"author":[{"embeddable":true,"href":"https:\/\/asafi.sn\/index.php?rest_route=\/wp\/v2\/users\/1"}],"replies":[{"embeddable":true,"href":"https:\/\/asafi.sn\/index.php?rest_route=%2Fwp%2Fv2%2Fcomments&post=1519"}],"version-history":[{"count":177,"href":"https:\/\/asafi.sn\/index.php?rest_route=\/wp\/v2\/pages\/1519\/revisions"}],"predecessor-version":[{"id":6802,"href":"https:\/\/asafi.sn\/index.php?rest_route=\/wp\/v2\/pages\/1519\/revisions\/6802"}],"wp:attachment":[{"href":"https:\/\/asafi.sn\/index.php?rest_route=%2Fwp%2Fv2%2Fmedia&parent=1519"}],"curies":[{"name":"wp","href":"https:\/\/api.w.org\/{rel}","templated":true}]}}