{"id":1273,"date":"2019-11-12T10:53:21","date_gmt":"2019-11-12T10:53:21","guid":{"rendered":"http:\/\/localhost\/astute\/?page_id=1273"},"modified":"2024-03-16T14:01:47","modified_gmt":"2024-03-16T14:01:47","slug":"a_propos","status":"publish","type":"page","link":"https:\/\/asafi.sn\/?page_id=1273","title":{"rendered":"A propos"},"content":{"rendered":"<p><!-- text widget center --><br \/>\n\t\t\t\t\t\t\t<!-- text widget top --><\/p>\n<h1>A PROPOS<\/h1>\n<p>\t\t\t\t\t\t\t<!-- text widget middle --><\/p>\n<h2>ASAFI<\/h2>\n<p>\t\t\t\t\t\t\t\t\t\t\t\t\t\t<!-- text widget bottom --><br \/>\n\t\t\t\t\t\t\t<!-- content --><\/p>\n<p><p align=\"justify\">L\u2019Association s\u00e9n\u00e9galaise des anciens fonctionnaires internationaux (ASAFI) est une organisation regroupant les ancien(e)s fonctionnaires et expert(e)s s\u00e9n\u00e9galais(es) du syst\u00e8me des Nations Unies, leurs veuves et veufs dans le but d\u2019informer et conseiller ses membres sur les questions relatives \u00e0 leur condition ou touchant aux probl\u00e8mes de sant\u00e9 et de vieillissement.<\/p>\n<p>L\u2019ASAFI a \u00e9t\u00e9 cr\u00e9\u00e9e le 13 juillet 2006 \u00e0 Dakar et est rest\u00e9e sans activit\u00e9 majeure jusqu\u2019\u00e0 la<br \/>tenue d\u2019une Assembl\u00e9e g\u00e9n\u00e9rale de redynamisation le 26 octobre 2016. Son si\u00e8ge est abrit\u00e9 par l\u2019Institut africain de D\u00e9veloppement \u00e9conomique et de Planification (IDEP), qui est le centre sp\u00e9cialis\u00e9 en mati\u00e8re de formation de la Commission \u00e9conomique des Nations Unies pour l\u2019Afrique (CEA).<\/p>\n<\/p>\n<p>\t\t\t\t\t\t\t<!--- List content ---><\/p>\n<ul>\n\t\t\t\t\t\t\t\t\t\t\t\t\t\t\t\t\t<\/ul>\n<p>\t\t\t\t\t\t\t\t\t\t\t\t<!-- button --><br \/>\n\t\t\t\t<!-- image --><br \/>\n\t\t\t\t<img loading=\"lazy\" width=\"550\" height=\"409\" src=\"https:\/\/asafi.sn\/wp-content\/uploads\/2024\/03\/9a67b376-fc54-493b-b7c5-0f2e667a6565.jpg\" alt=\"\" decoding=\"async\" srcset=\"https:\/\/asafi.sn\/wp-content\/uploads\/2024\/03\/9a67b376-fc54-493b-b7c5-0f2e667a6565.jpg 550w, https:\/\/asafi.sn\/wp-content\/uploads\/2024\/03\/9a67b376-fc54-493b-b7c5-0f2e667a6565-300x223.jpg 300w\" sizes=\"auto, (max-width: 550px) 100vw, 550px\" \/><br \/>\n\t\t\t\t\t\t\t<!-- icon --><br \/>\n\t\t\t\t\t\t\t\t\t\t\t\t\t\t<!-- custom icon --><br \/>\n\t\t\t\t\t\t\t\t\t\t\t\t\t\t<!-- image --><br \/>\n\t\t\t\t\t\t\t<!-- title --><\/p>\n<h3>Vision et Valeurs <\/h3>\n<p>\t\t\t\t\t\t\t<!-- content --><\/p>\n<p><p align=\"justify\">Mission :<br \/>\n&#8211; informer et conseiller ses membres sur les questions relatives \u00e0 leur condition ou<br \/>\ntouchant aux probl\u00e8mes de sant\u00e9 et de vieillissement ;<br \/>\n&#8211;  informer ses membres sur l\u2019\u00e9volution du syst\u00e8me des Nations Unies et les encourager<br \/>\n\u00e0 soutenir l\u2019action de celles-ci, \u00e0 participer et \u00e0 contribuer \u00e0 leurs activit\u00e9s, soit<br \/>\ndirectement ou indirectement, par exemple par l\u2019interm\u00e9diaire des organisations non<br \/>\ngouvernementales (ONG), des organisations intergouvernementales (OIG),<br \/>\nd\u2019associations-s\u0153urs ou de leurs f\u00e9d\u00e9rations ;<br \/>\n&#8211; informer les agences du syst\u00e8me des Nations Unies ainsi que les organisations<br \/>\ninternationales repr\u00e9sent\u00e9es au S\u00e9n\u00e9gal du potentiel d\u2019expertise de l\u2019Association. <\/p>\n<p>\t\t\t\t\t<!-- astute call to action 10 --><br \/>\n\t\t\t\t\t\t<!-- top title --><br \/>\n\t\t\t\t\t\t<!-- middle title --><\/p>\n<h2>Mot du Pr\u00e9sident<\/h2>\n<p>\t\t\t\t\t\t\t\t\t\t\t\t<!-- bottom title --><br \/>\n\t\t\t\t\t\t\t\t\t\t\t\t\t<!-- content --><\/p>\n<p><p align=\"justify\">\nL\u2019Association s\u00e9n\u00e9galaise des Anciens Fonctionnaires Internationaux (ASAFI) qui regroupe les anciens fonctionnaires et experts longue dur\u00e9e du syst\u00e8me des Nations Unies, a le plaisir de vous inviter \u00e0 consulter r\u00e9guli\u00e8rement son site web. Ce site web se veut un espace<br \/>\nd&#39;\u00e9changes d\u2019id\u00e9es et de diffusion d\u2019informations pertinentes relatives \u00e0 la vie de l\u2019Association et \u00e0 notre coop\u00e9ration avec les institutions s\u00e9n\u00e9galaises, les associations nationales et la F\u00e9d\u00e9ration internationale. Nous vous invitons \u00e0 contribuer \u00e0 son alimentation. <\/p>\n<p>\t\t\t\t\t<!-- button --><br \/>\n\t\t\t\t\t\t\t<a href=\"https:\/\/asafi.sn\/?page_id=4361\"><br \/>\n\t\t\t\t\t\t\t\tAdh\u00e9rer\t\t\t\t\t\t\t\t<!-- icon --><br \/>\n\t\t\t\t\t\t\t<\/a><\/p>\n","protected":false},"excerpt":{"rendered":"<p>A PROPOS ASAFI L\u2019Association s\u00e9n\u00e9galaise des anciens fonctionnaires internationaux (ASAFI) est une organisation regroupant les ancien(e)s fonctionnaires et expert(e)s s\u00e9n\u00e9galais(es) du syst\u00e8me des Nations Unies, leurs veuves et veufs dans le but d\u2019informer et conseiller ses membres sur les questions relatives \u00e0 leur condition ou touchant aux probl\u00e8mes de sant\u00e9 et de vieillissement. L\u2019ASAFI a [&hellip;]<\/p>\n","protected":false},"author":1,"featured_media":0,"parent":0,"menu_order":0,"comment_status":"closed","ping_status":"closed","template":"template-home.php","meta":{"footnotes":""},"class_list":["post-1273","page","type-page","status-publish","hentry"],"_links":{"self":[{"href":"https:\/\/asafi.sn\/index.php?rest_route=\/wp\/v2\/pages\/1273","targetHints":{"allow":["GET"]}}],"collection":[{"href":"https:\/\/asafi.sn\/index.php?rest_route=\/wp\/v2\/pages"}],"about":[{"href":"https:\/\/asafi.sn\/index.php?rest_route=\/wp\/v2\/types\/page"}],"author":[{"embeddable":true,"href":"https:\/\/asafi.sn\/index.php?rest_route=\/wp\/v2\/users\/1"}],"replies":[{"embeddable":true,"href":"https:\/\/asafi.sn\/index.php?rest_route=%2Fwp%2Fv2%2Fcomments&post=1273"}],"version-history":[{"count":68,"href":"https:\/\/asafi.sn\/index.php?rest_route=\/wp\/v2\/pages\/1273\/revisions"}],"predecessor-version":[{"id":5689,"href":"https:\/\/asafi.sn\/index.php?rest_route=\/wp\/v2\/pages\/1273\/revisions\/5689"}],"wp:attachment":[{"href":"https:\/\/asafi.sn\/index.php?rest_route=%2Fwp%2Fv2%2Fmedia&parent=1273"}],"curies":[{"name":"wp","href":"https:\/\/api.w.org\/{rel}","templated":true}]}}